{"id":470,"date":"2026-01-21T10:35:52","date_gmt":"2026-01-21T10:35:52","guid":{"rendered":"https:\/\/www.mservices1800.be\/contact\/"},"modified":"2026-02-10T10:55:49","modified_gmt":"2026-02-10T10:55:49","slug":"contact","status":"publish","type":"page","link":"https:\/\/www.mservices1800.be\/fr\/contact\/","title":{"rendered":"Contact"},"content":{"rendered":"\n<div class=\"wp-block-madeit-block-content container-fluid\"><div class=\"row\">\n<div class=\"wp-block-madeit-block-content-column col-12 col-lg-12\"><div id=\"googlemaps\"><\/div>\n<\/div>\n<\/div><\/div>\n\n<div class=\"wp-block-madeit-block-content container margin-column-mobile\"><div class=\"row\">\n<div class=\"wp-block-madeit-block-content-column col-12 col-lg-5\" style=\"margin-top:50px\">\n<h1 class=\"wp-block-heading is-style-elementLeft\" style=\"text-transform:uppercase\">Contact<\/h1>\n\n\n\n<div style=\"height:20px\" aria-hidden=\"true\" class=\"wp-block-spacer\"><\/div>\n\n\n\n<p>Vous n&rsquo;&ecirc;tes pas s&ucirc;r de la technique de nettoyage qui convient le mieux &agrave; votre projet ? Ou aimeriez-vous en savoir plus sur notre fonctionnement ? N&rsquo;h&eacute;sitez pas &agrave; nous contacter ! Chez nous, aucune question n&rsquo;est trop lourde.   <br><br>&Ecirc;tes-vous pr&ecirc;t &agrave; donner &agrave; vos espaces ext&eacute;rieurs un aspect frais et propre ? Demandez votre devis gratuit et faites le premier pas vers une exp&eacute;rience de nettoyage sans souci. <\/p>\n<\/div>\n\n\n\n<div class=\"wp-block-madeit-block-content-column col-12 col-lg-1\"><\/div>\n\n\n\n<div class=\"wp-block-madeit-block-content-column col-12 col-lg-6 has-background has-primary-background-color mt-neg-150 order-first order-lg-last\">\n<div class=\"wp-block-group is-layout-constrained wp-container-core-group-is-layout-990f8f10 wp-block-group-is-layout-constrained\">\n<div style=\"height:200px\" aria-hidden=\"true\" class=\"wp-block-spacer d-none d-lg-block\"><\/div>\n\n\n\n<div style=\"height:50px\" aria-hidden=\"true\" class=\"wp-block-spacer d-lg-none\"><\/div>\n\n\n\n<div class=\"wp-block-group is-content-justification-space-between is-nowrap is-layout-flex wp-container-core-group-is-layout-eaacdc6a wp-block-group-is-layout-flex\">\n<div class=\"wp-block-group is-vertical is-layout-flex wp-container-core-group-is-layout-8cf370e7 wp-block-group-is-layout-flex\">\n<h5 class=\"wp-block-heading\" style=\"text-transform:uppercase\"><strong>Kevin Meskens  <\/strong><\/h5>\n\n\n\n<p>Mergelputstraat 35,<br>1800 Vilvoorde<\/p>\n\n\n\n<div style=\"height:100px\" aria-hidden=\"true\" class=\"wp-block-spacer wp-container-content-16d1eb73\"><\/div>\n\n\n\n<p class=\"has-default-text-color has-text-color has-link-color wp-elements-33013fa23f2061a01e5dd301a3f79aef\"><a href=\"mailto:mservices1800@gmail.com\">mservices1800@gmail.com<\/a><br><a href=\"tel:+32469629133\">0469\/62.91.33<\/a><br><br>TVA : BE1022855003<\/p>\n<\/div>\n\n\n\n<div class=\"wp-block-group wp-container-content-422d1810 is-vertical is-layout-flex wp-container-core-group-is-layout-8cf370e7 wp-block-group-is-layout-flex\">\n<h5 class=\"wp-block-heading\" style=\"text-transform:uppercase\"><strong>Horaires d&rsquo;ouverture<\/strong><\/h5>\n\n\n\n<p>Lun &ndash; Ven : 7h &ndash; 18h<\/p>\n\n\n\n<p>Sam : 8h &ndash; 16h<\/p>\n\n\n\n<p>Dimanche : Ferm&eacute;<\/p>\n<\/div>\n<\/div>\n\n\n\n<div style=\"height:50px\" aria-hidden=\"true\" class=\"wp-block-spacer d-lg-none\"><\/div>\n\n\n\n<div style=\"height:150px\" aria-hidden=\"true\" class=\"wp-block-spacer d-none d-lg-block\"><\/div>\n<\/div>\n<\/div>\n<\/div><\/div>\n\n<div class=\"wp-block-madeit-block-content container\" style=\"margin-top:100px;margin-bottom:100px\"><div class=\"row\">\n<div class=\"wp-block-madeit-block-content-column col-12 col-lg-12\"><form action=\"\" method=\"post\" id=\"form_136\" class=\"madeit-forms-noajax\"><input type=\"hidden\" name=\"form_id\" value=\"136\">\n<div class=\"wp-block-columns is-layout-flex wp-container-core-columns-is-layout-9d6595d7 wp-block-columns-is-layout-flex\">\n<div class=\"wp-block-column is-layout-flow wp-block-column-is-layout-flow\">\n<div class=\"wp-block-columns mb-0 is-layout-flex wp-container-core-columns-is-layout-9d6595d7 wp-block-columns-is-layout-flex\">\n<div class=\"wp-block-column is-layout-flow wp-block-column-is-layout-flow\">\n<div class=\"wp-block-madeitforms-input-field\"><div><label>Nom<\/label><\/div><input class=\"madeit-forms-input-field\" type=\"text\" name=\"field-1\" value=\"\" required=\"\"><\/div>\n<\/div>\n\n\n\n<div class=\"wp-block-column is-layout-flow wp-block-column-is-layout-flow\">\n<div class=\"wp-block-madeitforms-input-field\"><div><label>Nom de famille<\/label><\/div><input class=\"madeit-forms-input-field\" type=\"text\" name=\"field-2\" value=\"\" required=\"\"><\/div>\n<\/div>\n<\/div>\n\n\n\n<div class=\"wp-block-madeitforms-input-field\"><div><label>Adresse e-mail<\/label><\/div><input class=\"madeit-forms-input-field\" type=\"email\" name=\"field-3\" value=\"\" required=\"\"><\/div>\n<\/div>\n\n\n\n<div class=\"wp-block-column is-layout-flow wp-block-column-is-layout-flow\">\n<div class=\"wp-block-madeitforms-largeinput-field\"><div><label>Message<\/label><\/div><textarea class=\"madeit-forms-largeinput-field\" name=\"field-4\" required=\"\"><\/textarea><\/div>\n<\/div>\n<\/div>\n\n<div class=\"wp-block-madeitforms-submit-field has-custom-width wp-block-madeitforms-submit-button__width-100\"><button  data-sitekey=\"6LcscQUsAAAAALylu4WpeLYOYc7MWkb9tr8Zkliz\" data-callback=\"onSubmit938663105\" data-error-callback=\"onErrorSubmit687825263\"class=\"g-recaptcha wp-block-madeitforms-submit-button__link has-default-text-color has-primary-background-color has-text-color has-background has-link-color\">Soumettre<\/button><\/div>\n\n<script>function onSubmit938663105(token) { submitMadeitForm('form_136'); }<\/script><script>function onErrorSubmit687825263(token) { }<\/script><\/form>\n<\/div>\n<\/div><\/div>\n\n","protected":false},"excerpt":{"rendered":"","protected":false},"author":1,"featured_media":0,"parent":0,"menu_order":0,"comment_status":"closed","ping_status":"closed","template":"","meta":{"_acf_changed":false,"footnotes":""},"class_list":["post-470","page","type-page","status-publish","hentry"],"acf":[],"featured_image_src":null,"yoast_head":"<!-- This site is optimized with the Yoast SEO plugin v27.2 - https:\/\/yoast.com\/product\/yoast-seo-wordpress\/ -->\n<title>Contactez MServiceS pour le nettoyage ext\u00e9rieur \u00e0 Vilvoorde<\/title>\n<meta name=\"description\" content=\"Contactez MServiceS pour un nettoyage professionnel d\u2019ext\u00e9rieur \u00e0 Vilvoorde et dans les environs. Devis gratuit, communication claire et service personnalis\u00e9.\" \/>\n<meta name=\"robots\" content=\"index, follow, max-snippet:-1, max-image-preview:large, max-video-preview:-1\" \/>\n<link rel=\"canonical\" href=\"https:\/\/www.mservices1800.be\/fr\/contact\/\" \/>\n<meta property=\"og:locale\" content=\"fr_FR\" \/>\n<meta property=\"og:type\" content=\"article\" \/>\n<meta property=\"og:title\" content=\"Contactez MServiceS pour le nettoyage ext\u00e9rieur \u00e0 Vilvoorde\" \/>\n<meta property=\"og:description\" content=\"Contactez MServiceS pour un nettoyage professionnel d\u2019ext\u00e9rieur \u00e0 Vilvoorde et dans les environs. Devis gratuit, communication claire et service personnalis\u00e9.\" \/>\n<meta property=\"og:url\" content=\"https:\/\/www.mservices1800.be\/fr\/contact\/\" \/>\n<meta property=\"og:site_name\" content=\"MServiceS\" \/>\n<meta property=\"article:modified_time\" content=\"2026-02-10T10:55:49+00:00\" \/>\n<meta name=\"twitter:card\" content=\"summary_large_image\" \/>\n<script type=\"application\/ld+json\" class=\"yoast-schema-graph\">{\"@context\":\"https:\/\/schema.org\",\"@graph\":[{\"@type\":\"WebPage\",\"@id\":\"https:\/\/www.mservices1800.be\/fr\/contact\/\",\"url\":\"https:\/\/www.mservices1800.be\/fr\/contact\/\",\"name\":\"Contactez MServiceS pour le nettoyage ext\u00e9rieur \u00e0 Vilvoorde\",\"isPartOf\":{\"@id\":\"https:\/\/mservices1800.be\/#website\"},\"datePublished\":\"2026-01-21T10:35:52+00:00\",\"dateModified\":\"2026-02-10T10:55:49+00:00\",\"description\":\"Contactez MServiceS pour un nettoyage professionnel d\u2019ext\u00e9rieur \u00e0 Vilvoorde et dans les environs. Devis gratuit, communication claire et service personnalis\u00e9.\",\"breadcrumb\":{\"@id\":\"https:\/\/www.mservices1800.be\/fr\/contact\/#breadcrumb\"},\"inLanguage\":\"fr-FR\",\"potentialAction\":[{\"@type\":\"ReadAction\",\"target\":[\"https:\/\/www.mservices1800.be\/fr\/contact\/\"]}]},{\"@type\":\"BreadcrumbList\",\"@id\":\"https:\/\/www.mservices1800.be\/fr\/contact\/#breadcrumb\",\"itemListElement\":[{\"@type\":\"ListItem\",\"position\":1,\"name\":\"Home\",\"item\":\"https:\/\/www.mservices1800.be\/fr\/accueil\/\"},{\"@type\":\"ListItem\",\"position\":2,\"name\":\"Contact\"}]},{\"@type\":\"WebSite\",\"@id\":\"https:\/\/mservices1800.be\/#website\",\"url\":\"https:\/\/mservices1800.be\/\",\"name\":\"MServiceS\",\"description\":\"At your service for your outdoor surface\",\"publisher\":{\"@id\":\"https:\/\/mservices1800.be\/#organization\"},\"potentialAction\":[{\"@type\":\"SearchAction\",\"target\":{\"@type\":\"EntryPoint\",\"urlTemplate\":\"https:\/\/mservices1800.be\/?s={search_term_string}\"},\"query-input\":{\"@type\":\"PropertyValueSpecification\",\"valueRequired\":true,\"valueName\":\"search_term_string\"}}],\"inLanguage\":\"fr-FR\"},{\"@type\":\"Organization\",\"@id\":\"https:\/\/mservices1800.be\/#organization\",\"name\":\"MServiceS\",\"url\":\"https:\/\/mservices1800.be\/\",\"logo\":{\"@type\":\"ImageObject\",\"inLanguage\":\"fr-FR\",\"@id\":\"https:\/\/mservices1800.be\/#\/schema\/logo\/image\/\",\"url\":\"https:\/\/www.mservices1800.be\/wp-content\/uploads\/2026\/01\/mservice-logo.png\",\"contentUrl\":\"https:\/\/www.mservices1800.be\/wp-content\/uploads\/2026\/01\/mservice-logo.png\",\"width\":2560,\"height\":926,\"caption\":\"MServiceS\"},\"image\":{\"@id\":\"https:\/\/mservices1800.be\/#\/schema\/logo\/image\/\"}}]}<\/script>\n<!-- \/ Yoast SEO plugin. -->","yoast_head_json":{"title":"Contactez MServiceS pour le nettoyage ext\u00e9rieur \u00e0 Vilvoorde","description":"Contactez MServiceS pour un nettoyage professionnel d\u2019ext\u00e9rieur \u00e0 Vilvoorde et dans les environs. Devis gratuit, communication claire et service personnalis\u00e9.","robots":{"index":"index","follow":"follow","max-snippet":"max-snippet:-1","max-image-preview":"max-image-preview:large","max-video-preview":"max-video-preview:-1"},"canonical":"https:\/\/www.mservices1800.be\/fr\/contact\/","og_locale":"fr_FR","og_type":"article","og_title":"Contactez MServiceS pour le nettoyage ext\u00e9rieur \u00e0 Vilvoorde","og_description":"Contactez MServiceS pour un nettoyage professionnel d\u2019ext\u00e9rieur \u00e0 Vilvoorde et dans les environs. Devis gratuit, communication claire et service personnalis\u00e9.","og_url":"https:\/\/www.mservices1800.be\/fr\/contact\/","og_site_name":"MServiceS","article_modified_time":"2026-02-10T10:55:49+00:00","twitter_card":"summary_large_image","schema":{"@context":"https:\/\/schema.org","@graph":[{"@type":"WebPage","@id":"https:\/\/www.mservices1800.be\/fr\/contact\/","url":"https:\/\/www.mservices1800.be\/fr\/contact\/","name":"Contactez MServiceS pour le nettoyage ext\u00e9rieur \u00e0 Vilvoorde","isPartOf":{"@id":"https:\/\/mservices1800.be\/#website"},"datePublished":"2026-01-21T10:35:52+00:00","dateModified":"2026-02-10T10:55:49+00:00","description":"Contactez MServiceS pour un nettoyage professionnel d\u2019ext\u00e9rieur \u00e0 Vilvoorde et dans les environs. Devis gratuit, communication claire et service personnalis\u00e9.","breadcrumb":{"@id":"https:\/\/www.mservices1800.be\/fr\/contact\/#breadcrumb"},"inLanguage":"fr-FR","potentialAction":[{"@type":"ReadAction","target":["https:\/\/www.mservices1800.be\/fr\/contact\/"]}]},{"@type":"BreadcrumbList","@id":"https:\/\/www.mservices1800.be\/fr\/contact\/#breadcrumb","itemListElement":[{"@type":"ListItem","position":1,"name":"Home","item":"https:\/\/www.mservices1800.be\/fr\/accueil\/"},{"@type":"ListItem","position":2,"name":"Contact"}]},{"@type":"WebSite","@id":"https:\/\/mservices1800.be\/#website","url":"https:\/\/mservices1800.be\/","name":"MServiceS","description":"At your service for your outdoor surface","publisher":{"@id":"https:\/\/mservices1800.be\/#organization"},"potentialAction":[{"@type":"SearchAction","target":{"@type":"EntryPoint","urlTemplate":"https:\/\/mservices1800.be\/?s={search_term_string}"},"query-input":{"@type":"PropertyValueSpecification","valueRequired":true,"valueName":"search_term_string"}}],"inLanguage":"fr-FR"},{"@type":"Organization","@id":"https:\/\/mservices1800.be\/#organization","name":"MServiceS","url":"https:\/\/mservices1800.be\/","logo":{"@type":"ImageObject","inLanguage":"fr-FR","@id":"https:\/\/mservices1800.be\/#\/schema\/logo\/image\/","url":"https:\/\/www.mservices1800.be\/wp-content\/uploads\/2026\/01\/mservice-logo.png","contentUrl":"https:\/\/www.mservices1800.be\/wp-content\/uploads\/2026\/01\/mservice-logo.png","width":2560,"height":926,"caption":"MServiceS"},"image":{"@id":"https:\/\/mservices1800.be\/#\/schema\/logo\/image\/"}}]}},"_links":{"self":[{"href":"https:\/\/www.mservices1800.be\/fr\/wp-json\/wp\/v2\/pages\/470","targetHints":{"allow":["GET"]}}],"collection":[{"href":"https:\/\/www.mservices1800.be\/fr\/wp-json\/wp\/v2\/pages"}],"about":[{"href":"https:\/\/www.mservices1800.be\/fr\/wp-json\/wp\/v2\/types\/page"}],"author":[{"embeddable":true,"href":"https:\/\/www.mservices1800.be\/fr\/wp-json\/wp\/v2\/users\/1"}],"replies":[{"embeddable":true,"href":"https:\/\/www.mservices1800.be\/fr\/wp-json\/wp\/v2\/comments?post=470"}],"version-history":[{"count":1,"href":"https:\/\/www.mservices1800.be\/fr\/wp-json\/wp\/v2\/pages\/470\/revisions"}],"predecessor-version":[{"id":471,"href":"https:\/\/www.mservices1800.be\/fr\/wp-json\/wp\/v2\/pages\/470\/revisions\/471"}],"wp:attachment":[{"href":"https:\/\/www.mservices1800.be\/fr\/wp-json\/wp\/v2\/media?parent=470"}],"curies":[{"name":"wp","href":"https:\/\/api.w.org\/{rel}","templated":true}]}}