{"id":481,"date":"2026-01-21T10:37:43","date_gmt":"2026-01-21T10:37:43","guid":{"rendered":"https:\/\/www.mservices1800.be\/services\/nettoyage-haute-pression\/"},"modified":"2026-02-10T11:43:27","modified_gmt":"2026-02-10T11:43:27","slug":"nettoyage-haute-pression","status":"publish","type":"page","link":"https:\/\/www.mservices1800.be\/fr\/services\/nettoyage-haute-pression\/","title":{"rendered":"Nettoyage haute pression"},"content":{"rendered":"\n<div class=\"wp-block-madeit-block-content container\" style=\"margin-top:200px;margin-bottom:100px\"><div class=\"row\">\n<div class=\"wp-block-madeit-block-content-column col-12 col-lg-12\">\n<h1 class=\"wp-block-heading is-style-elementRight mb-0\" style=\"text-transform:uppercase\">Nettoyage haute pression<\/h1>\n\n\n\n<div style=\"height:40px\" aria-hidden=\"true\" class=\"wp-block-spacer\"><\/div>\n\n\n\n<div class=\"wp-block-group is-content-justification-left is-layout-constrained wp-container-core-group-is-layout-a6737e7d wp-block-group-is-layout-constrained\">\n<p>All&eacute;e sale ? Une terrasse pleine de d&eacute;p&ocirc;ts verts ? Ou un mur de sout&egrave;nement qui n&rsquo;a pas sa couleur d&rsquo;origine ? Chez MServiceS, nous donnons une nouvelle vie aux surfaces gr&acirc;ce &agrave; notre nettoyage professionnel &agrave; haute pression. Vivre &agrave; Vilvoorde ou dans ses environs ? Alors nous sommes votre partenaire pour un r&eacute;sultat brillant !<\/p>\n<\/div>\n<\/div>\n<\/div><\/div>\n\n<div class=\"wp-block-madeit-block-content container margin-column-mobile\" style=\"margin-top:100px;margin-bottom:100px\"><div class=\"row\">\n<div class=\"wp-block-madeit-block-content-column is-vertically-aligned-center col-12 col-lg-5\">\n<figure class=\"wp-block-image size-full mobile4-3\"><img decoding=\"async\" width=\"1848\" height=\"2778\" src=\"https:\/\/www.mservices1800.be\/wp-content\/uploads\/2026\/02\/Site-HD-1.jpg\" alt=\"\" class=\"wp-image-369\" style=\"aspect-ratio:1;object-fit:cover\"><\/figure>\n<\/div>\n\n\n\n<div class=\"wp-block-madeit-block-content-column col-12 col-lg-1\"><\/div>\n\n\n\n<div class=\"wp-block-madeit-block-content-column is-vertically-aligned-center col-12 col-lg-6\">\n<h2 class=\"wp-block-heading\"><strong>Donnez vie &agrave; vos espaces ext&eacute;rieurs<\/strong><\/h2>\n\n\n\n<div style=\"height:20px\" aria-hidden=\"true\" class=\"wp-block-spacer\"><\/div>\n\n\n\n<p>Un espace ext&eacute;rieur bien entretenu fait des merveilles pour votre maison, votre entreprise ou votre espace de d&eacute;tente. Mais la salet&eacute;, la mousse et les algues se d&eacute;posent souvent sur des surfaces dures et sont difficiles &agrave; enlever avec un nettoyage r&eacute;gulier. C&rsquo;est l&agrave; que notre nettoyage &agrave; haute pression entre en jeu. Avec la bonne puissance et technique, nous nettoyons votre all&eacute;e, terrasse ou mur de sout&egrave;nement &ndash; sans dommage, mais avec un savoir-faire manuel.<\/p>\n\n\n\n<div style=\"height:40px\" aria-hidden=\"true\" class=\"wp-block-spacer\"><\/div>\n\n\n\n<div class=\"wp-block-buttons is-layout-flex wp-block-buttons-is-layout-flex\">\n<div class=\"wp-block-button\"><a class=\"wp-block-button__link wp-element-button\" href=\"https:\/\/www.mservices1800.be\/fr\/demandez-votre-devis\/\">Demandez votre devis<\/a><\/div>\n<\/div>\n<\/div>\n<\/div><\/div>\n\n<div class=\"wp-block-madeit-block-content container-fluid has-background has-secondary-background-color\" style=\"margin-top:10px;margin-bottom:10px;padding-top:50px;padding-bottom:50px\"><div class=\"row\"><div class=\"col\"><div class=\"container\"><div class=\"row\">\n<div class=\"wp-block-madeit-block-content-column col-12 col-lg-12\">\n<div class=\"wp-block-gutsliders-before-after gutslider-dd586d9d\"><div class=\"gutslider-compare-block\" data-beforeimage=\"{\" uploading grootbijgaarden februari mb data-afterimage=\"{\" data-comparisonoptions=\"{\" disablesliding data-slideroptions=\"{\" showlabels><\/div><\/div>\n<\/div>\n<\/div><\/div><\/div><\/div><\/div>\n\n<div class=\"wp-block-madeit-block-content container margin-column-mobile\" style=\"margin-top:100px;margin-bottom:100px\"><div class=\"row\">\n<div class=\"wp-block-madeit-block-content-column is-vertically-aligned-top col-12 col-lg-5\">\n<h2 class=\"wp-block-heading\"><strong>Qu&rsquo;est-ce qui rend notre service unique ?<\/strong><\/h2>\n\n\n\n<div style=\"height:20px\" aria-hidden=\"true\" class=\"wp-block-spacer\"><\/div>\n\n\n\n<p>Chez MServiceS, nous comprenons &agrave; quel point il est important de fournir de la qualit&eacute;, sans vos soucis. Gr&acirc;ce &agrave; notre expertise et &agrave; notre &eacute;quipement moderne, nous pouvons nous attaquer m&ecirc;me &agrave; la salet&eacute; la plus tenace. Mais nous faisons plus que simplement se purifier. Nous r&eacute;fl&eacute;chissons avec vous et faisons un effort suppl&eacute;mentaire pour obtenir le meilleur r&eacute;sultat.<\/p>\n\n\n\n<p>Notre priorit&eacute; ? Parfaitement propre et s&ucirc;r pour vos mat&eacute;riaux. Ainsi, vous pouvez profiter d&rsquo;une solution durable encore et encore. Apr&egrave;s tout, ce n&rsquo;est pas pour rien que nos clients continuent de nous recommander &agrave; Vilvoorde et dans ses environs !<\/p>\n\n\n\n<div style=\"height:40px\" aria-hidden=\"true\" class=\"wp-block-spacer\"><\/div>\n\n\n\n<figure class=\"wp-block-image size-full mobile4-3\"><img decoding=\"async\" width=\"1200\" height=\"1600\" src=\"https:\/\/www.mservices1800.be\/wp-content\/uploads\/2026\/02\/Delmotte-Dilbeek-16.jpeg\" alt=\"\" class=\"wp-image-374\" style=\"aspect-ratio:3\/4;object-fit:cover\"><\/figure>\n<\/div>\n\n\n\n<div class=\"wp-block-madeit-block-content-column col-12 col-lg-1\"><\/div>\n\n\n\n<div class=\"wp-block-madeit-block-content-column is-vertically-aligned-top col-12 col-lg-6\">\n<figure class=\"wp-block-image size-full d-none d-lg-block\"><img decoding=\"async\" width=\"1024\" height=\"1536\" src=\"https:\/\/www.mservices1800.be\/wp-content\/uploads\/2026\/02\/Delmotte-Dilbeek-17.png\" alt=\"\" class=\"wp-image-373\" style=\"aspect-ratio:4\/3;object-fit:cover\"><\/figure>\n\n\n\n<div style=\"height:70px\" aria-hidden=\"true\" class=\"wp-block-spacer d-none d-lg-block\"><\/div>\n\n\n\n<h2 class=\"wp-block-heading\"><strong>Notre m&eacute;thode<\/strong><\/h2>\n\n\n\n<div style=\"height:20px\" aria-hidden=\"true\" class=\"wp-block-spacer\"><\/div>\n\n\n\n<p>Chaque devoir commence par une analyse pr&eacute;cise. Aucune surface n&rsquo;est identique. Nous examinons le type de surface que vous avez et la technique de nettoyage qui donnera le meilleur r&eacute;sultat. Notre approche est non seulement efficace, mais aussi respectueuse de l&rsquo;environnement et des mat&eacute;riaux. Ainsi, nous rendons votre all&eacute;e, terrasse ou mur neuf, sans risque de dommage !<\/p>\n\n\n\n<div style=\"height:20px\" aria-hidden=\"true\" class=\"wp-block-spacer\"><\/div>\n\n\n\n<div class=\"wp-block-group is-nowrap is-layout-flex wp-container-core-group-is-layout-ad2f72ca wp-block-group-is-layout-flex\"><div style=\"--ub-icon-rotation:rotate(0deg);--ub-icon-size:40px;--ub-icon-color:#ffffff00;--ub-icon-justification:left;--ub-icon-border-top:  undefined;--ub-icon-border-right:  undefined;--ub-icon-border-bottom:  undefined;--ub-icon-border-left:  undefined\" class=\"wp-block-ub-icon\" id=\"ub-icon-\"><div class=\"ub_icon\"><div class=\"ub_icon_wrapper\"><svg width=\"35\" height=\"35\" viewbox=\"0 0 35 35\" fill=\"none\" xmlns=\"http:\/\/www.w3.org\/2000\/svg\">\n<path d=\"M17.4997 30.625C14.4632 30.625 11.5206 29.5721 9.17336 27.6457C6.8261 25.7193 5.2194 23.0387 4.62703 20.0605C4.03465 17.0823 4.49325 13.9908 5.92469 11.3128C7.35612 8.63486 9.67182 6.53606 12.4772 5.37405C15.2826 4.21204 18.4042 4.05871 21.3099 4.94019C24.2157 5.82167 26.726 7.68342 28.4129 10.2082C30.0999 12.733 30.8593 15.7646 30.5616 18.7866C30.264 21.8085 28.9277 24.6337 26.7806 26.7808\" stroke=\"#E48225\" stroke-width=\"2\" stroke-linecap=\"round\"><\/path>\n<path d=\"M23.3334 14.583L18.0863 20.8801C17.1311 22.0263 16.6527 22.6009 16.0096 22.6301C15.3665 22.6593 14.8386 22.1299 13.7827 21.074L11.6667 18.958\" stroke=\"#E48225\" stroke-width=\"2\" stroke-linecap=\"round\"><\/path>\n<\/svg><\/div><\/div><\/div>\n\n\n\n<p><strong>Analyse de surface<\/strong><br>Nous examinons le type de substrat, la contamination et l&rsquo;&eacute;tat du mat&eacute;riau afin de d&eacute;terminer la bonne approche.<\/p>\n<\/div>\n\n\n\n<div style=\"height:20px\" aria-hidden=\"true\" class=\"wp-block-spacer\"><\/div>\n\n\n\n<div class=\"wp-block-group is-nowrap is-layout-flex wp-container-core-group-is-layout-ad2f72ca wp-block-group-is-layout-flex\"><div style=\"--ub-icon-rotation:rotate(0deg);--ub-icon-size:40px;--ub-icon-color:#ffffff00;--ub-icon-justification:left;--ub-icon-border-top:  undefined;--ub-icon-border-right:  undefined;--ub-icon-border-bottom:  undefined;--ub-icon-border-left:  undefined\" class=\"wp-block-ub-icon\" id=\"ub-icon-\"><div class=\"ub_icon\"><div class=\"ub_icon_wrapper\"><svg width=\"35\" height=\"35\" viewbox=\"0 0 35 35\" fill=\"none\" xmlns=\"http:\/\/www.w3.org\/2000\/svg\">\n<path d=\"M17.4997 30.625C14.4632 30.625 11.5206 29.5721 9.17336 27.6457C6.8261 25.7193 5.2194 23.0387 4.62703 20.0605C4.03465 17.0823 4.49325 13.9908 5.92469 11.3128C7.35612 8.63486 9.67182 6.53606 12.4772 5.37405C15.2826 4.21204 18.4042 4.05871 21.3099 4.94019C24.2157 5.82167 26.726 7.68342 28.4129 10.2082C30.0999 12.733 30.8593 15.7646 30.5616 18.7866C30.264 21.8085 28.9277 24.6337 26.7806 26.7808\" stroke=\"#E48225\" stroke-width=\"2\" stroke-linecap=\"round\"><\/path>\n<path d=\"M23.3334 14.583L18.0863 20.8801C17.1311 22.0263 16.6527 22.6009 16.0096 22.6301C15.3665 22.6593 14.8386 22.1299 13.7827 21.074L11.6667 18.958\" stroke=\"#E48225\" stroke-width=\"2\" stroke-linecap=\"round\"><\/path>\n<\/svg><\/div><\/div><\/div>\n\n\n\n<p><strong>Nettoyage professionnel &agrave; haute pression<\/strong><br>Avec un mat&eacute;riau adapt&eacute; et la bonne pression, nous enlevons la mousse, les algues et la terre tenace de mani&egrave;re compl&egrave;te et s&eacute;curis&eacute;e.<\/p>\n<\/div>\n\n\n\n<div style=\"height:20px\" aria-hidden=\"true\" class=\"wp-block-spacer\"><\/div>\n\n\n\n<div class=\"wp-block-group is-nowrap is-layout-flex wp-container-core-group-is-layout-ad2f72ca wp-block-group-is-layout-flex\"><div style=\"--ub-icon-rotation:rotate(0deg);--ub-icon-size:40px;--ub-icon-color:#ffffff00;--ub-icon-justification:left;--ub-icon-border-top:  undefined;--ub-icon-border-right:  undefined;--ub-icon-border-bottom:  undefined;--ub-icon-border-left:  undefined\" class=\"wp-block-ub-icon\" id=\"ub-icon-\"><div class=\"ub_icon\"><div class=\"ub_icon_wrapper\"><svg width=\"35\" height=\"35\" viewbox=\"0 0 35 35\" fill=\"none\" xmlns=\"http:\/\/www.w3.org\/2000\/svg\">\n<path d=\"M17.4997 30.625C14.4632 30.625 11.5206 29.5721 9.17336 27.6457C6.8261 25.7193 5.2194 23.0387 4.62703 20.0605C4.03465 17.0823 4.49325 13.9908 5.92469 11.3128C7.35612 8.63486 9.67182 6.53606 12.4772 5.37405C15.2826 4.21204 18.4042 4.05871 21.3099 4.94019C24.2157 5.82167 26.726 7.68342 28.4129 10.2082C30.0999 12.733 30.8593 15.7646 30.5616 18.7866C30.264 21.8085 28.9277 24.6337 26.7806 26.7808\" stroke=\"#E48225\" stroke-width=\"2\" stroke-linecap=\"round\"><\/path>\n<path d=\"M23.3334 14.583L18.0863 20.8801C17.1311 22.0263 16.6527 22.6009 16.0096 22.6301C15.3665 22.6593 14.8386 22.1299 13.7827 21.074L11.6667 18.958\" stroke=\"#E48225\" stroke-width=\"2\" stroke-linecap=\"round\"><\/path>\n<\/svg><\/div><\/div><\/div>\n\n\n\n<p><strong>Finition soign&eacute;e et contr&ocirc;le<\/strong><br>Apr&egrave;s le nettoyage, nous v&eacute;rifions le r&eacute;sultat et laissons tout propre et bien entretenu.<\/p>\n<\/div>\n\n\n\n<div style=\"height:40px\" aria-hidden=\"true\" class=\"wp-block-spacer d-lg-none\"><\/div>\n\n\n\n<figure class=\"wp-block-image size-full d-lg-none\"><img decoding=\"async\" width=\"1024\" height=\"1536\" src=\"https:\/\/www.mservices1800.be\/wp-content\/uploads\/2026\/02\/Delmotte-Dilbeek-17.png\" alt=\"\" class=\"wp-image-373\" style=\"aspect-ratio:4\/3;object-fit:cover\"><\/figure>\n<\/div>\n<\/div><\/div>\n\n<div class=\"wp-block-madeit-block-content container\" style=\"margin-top:100px;margin-bottom:100px\"><div class=\"row\">\n<div class=\"wp-block-madeit-block-content-column col-12 col-lg-12\">\n<div class=\"wp-block-cover is-light\"><img decoding=\"async\" width=\"4080\" height=\"3060\" class=\"wp-block-cover__image-background wp-image-69 size-full\" alt=\"\" src=\"https:\/\/www.mservices1800.be\/wp-content\/uploads\/2026\/01\/dakgoot-na.jpg\" data-object-fit=\"cover\"><span aria-hidden=\"true\" class=\"wp-block-cover__background has-primary-background-color has-background-dim-90 has-background-dim\"><\/span><div class=\"wp-block-cover__inner-container is-layout-constrained wp-block-cover-is-layout-constrained\">\n<h2 class=\"wp-block-heading has-text-align-center\"><strong>Il est temps d&rsquo;agir !<\/strong><\/h2>\n\n\n\n<div style=\"height:20px\" aria-hidden=\"true\" class=\"wp-block-spacer\"><\/div>\n\n\n\n<p class=\"has-text-align-center\">Faites-vous nettoyer votre fa&ccedil;ade ou votre toit de mani&egrave;re soigneuse et s&eacute;curis&eacute;e ? Choisissez le nettoyage haute pression chez MServiceS et d&eacute;couvrez les avantages d&rsquo;un service personnel, professionnel et orient&eacute; localement. De plus, nous veillons &agrave; ce que votre demande de devis soit simple et rapide.<br>Demandez votre devis gratuit d&egrave;s aujourd&rsquo;hui !<\/p>\n\n\n\n<div style=\"height:30px\" aria-hidden=\"true\" class=\"wp-block-spacer\"><\/div>\n\n\n\n<div class=\"wp-block-buttons is-content-justification-center is-layout-flex wp-container-core-buttons-is-layout-16018d1d wp-block-buttons-is-layout-flex\">\n<div class=\"wp-block-button\"><a class=\"wp-block-button__link wp-element-button\" href=\"https:\/\/www.mservices1800.be\/fr\/demandez-votre-devis\/\">Demandez votre devis<\/a><\/div>\n<\/div>\n<\/div><\/div>\n<\/div>\n<\/div><\/div>\n\n","protected":false},"excerpt":{"rendered":"","protected":false},"author":1,"featured_media":0,"parent":475,"menu_order":0,"comment_status":"closed","ping_status":"closed","template":"","meta":{"_acf_changed":false,"footnotes":""},"class_list":["post-481","page","type-page","status-publish","hentry"],"acf":[],"featured_image_src":null,"yoast_head":"<!-- This site is optimized with the Yoast SEO plugin v27.2 - https:\/\/yoast.com\/product\/yoast-seo-wordpress\/ -->\n<title>Nettoyeur \u00e0 haute pression professionnel\u00a0sep\u00a0%<\/title>\n<meta name=\"description\" content=\"Nettoyage professionnel \u00e0 haute pression \u00e0 Vilvoorde et dans les environs pour les all\u00e9es, terrasses et murs de sout\u00e8nement. Enlevez la mousse et la salet\u00e9 en toute s\u00e9curit\u00e9 et en profondeur. Demandez votre devis sans obligation.\" \/>\n<meta name=\"robots\" content=\"index, follow, max-snippet:-1, max-image-preview:large, max-video-preview:-1\" \/>\n<link rel=\"canonical\" href=\"https:\/\/www.mservices1800.be\/fr\/services\/nettoyage-haute-pression\/\" \/>\n<meta property=\"og:locale\" content=\"fr_FR\" \/>\n<meta property=\"og:type\" content=\"article\" \/>\n<meta property=\"og:title\" content=\"Nettoyeur \u00e0 haute pression professionnel\u00a0sep\u00a0%\" \/>\n<meta property=\"og:description\" content=\"Nettoyage professionnel \u00e0 haute pression \u00e0 Vilvoorde et dans les environs pour les all\u00e9es, terrasses et murs de sout\u00e8nement. Enlevez la mousse et la salet\u00e9 en toute s\u00e9curit\u00e9 et en profondeur. Demandez votre devis sans obligation.\" \/>\n<meta property=\"og:url\" content=\"https:\/\/www.mservices1800.be\/fr\/services\/nettoyage-haute-pression\/\" \/>\n<meta property=\"og:site_name\" content=\"MServiceS\" \/>\n<meta property=\"article:modified_time\" content=\"2026-02-10T11:43:27+00:00\" \/>\n<meta property=\"og:image\" content=\"https:\/\/www.mservices1800.be\/wp-content\/uploads\/2026\/02\/Site-HD-1.jpg\" \/>\n\t<meta property=\"og:image:width\" content=\"1848\" \/>\n\t<meta property=\"og:image:height\" content=\"2778\" \/>\n\t<meta property=\"og:image:type\" content=\"image\/jpeg\" \/>\n<meta name=\"twitter:card\" content=\"summary_large_image\" \/>\n<meta name=\"twitter:label1\" content=\"Dur\u00e9e de lecture estim\u00e9e\" \/>\n\t<meta name=\"twitter:data1\" content=\"2 minutes\" \/>\n<script type=\"application\/ld+json\" class=\"yoast-schema-graph\">{\"@context\":\"https:\/\/schema.org\",\"@graph\":[{\"@type\":\"WebPage\",\"@id\":\"https:\/\/www.mservices1800.be\/fr\/services\/nettoyage-haute-pression\/\",\"url\":\"https:\/\/www.mservices1800.be\/fr\/services\/nettoyage-haute-pression\/\",\"name\":\"Nettoyeur \u00e0 haute pression professionnel\u00a0sep\u00a0%\",\"isPartOf\":{\"@id\":\"https:\/\/mservices1800.be\/#website\"},\"primaryImageOfPage\":{\"@id\":\"https:\/\/www.mservices1800.be\/fr\/services\/nettoyage-haute-pression\/#primaryimage\"},\"image\":{\"@id\":\"https:\/\/www.mservices1800.be\/fr\/services\/nettoyage-haute-pression\/#primaryimage\"},\"thumbnailUrl\":\"https:\/\/www.mservices1800.be\/wp-content\/uploads\/2026\/02\/Site-HD-1.jpg\",\"datePublished\":\"2026-01-21T10:37:43+00:00\",\"dateModified\":\"2026-02-10T11:43:27+00:00\",\"description\":\"Nettoyage professionnel \u00e0 haute pression \u00e0 Vilvoorde et dans les environs pour les all\u00e9es, terrasses et murs de sout\u00e8nement. Enlevez la mousse et la salet\u00e9 en toute s\u00e9curit\u00e9 et en profondeur. Demandez votre devis sans obligation.\",\"breadcrumb\":{\"@id\":\"https:\/\/www.mservices1800.be\/fr\/services\/nettoyage-haute-pression\/#breadcrumb\"},\"inLanguage\":\"fr-FR\",\"potentialAction\":[{\"@type\":\"ReadAction\",\"target\":[\"https:\/\/www.mservices1800.be\/fr\/services\/nettoyage-haute-pression\/\"]}]},{\"@type\":\"ImageObject\",\"inLanguage\":\"fr-FR\",\"@id\":\"https:\/\/www.mservices1800.be\/fr\/services\/nettoyage-haute-pression\/#primaryimage\",\"url\":\"https:\/\/www.mservices1800.be\/wp-content\/uploads\/2026\/02\/Site-HD-1.jpg\",\"contentUrl\":\"https:\/\/www.mservices1800.be\/wp-content\/uploads\/2026\/02\/Site-HD-1.jpg\"},{\"@type\":\"BreadcrumbList\",\"@id\":\"https:\/\/www.mservices1800.be\/fr\/services\/nettoyage-haute-pression\/#breadcrumb\",\"itemListElement\":[{\"@type\":\"ListItem\",\"position\":1,\"name\":\"Home\",\"item\":\"https:\/\/www.mservices1800.be\/fr\/accueil\/\"},{\"@type\":\"ListItem\",\"position\":2,\"name\":\"Services\",\"item\":\"https:\/\/www.mservices1800.be\/fr\/services\/\"},{\"@type\":\"ListItem\",\"position\":3,\"name\":\"Nettoyage haute pression\"}]},{\"@type\":\"WebSite\",\"@id\":\"https:\/\/mservices1800.be\/#website\",\"url\":\"https:\/\/mservices1800.be\/\",\"name\":\"MServiceS\",\"description\":\"At your service for your outdoor surface\",\"publisher\":{\"@id\":\"https:\/\/mservices1800.be\/#organization\"},\"potentialAction\":[{\"@type\":\"SearchAction\",\"target\":{\"@type\":\"EntryPoint\",\"urlTemplate\":\"https:\/\/mservices1800.be\/?s={search_term_string}\"},\"query-input\":{\"@type\":\"PropertyValueSpecification\",\"valueRequired\":true,\"valueName\":\"search_term_string\"}}],\"inLanguage\":\"fr-FR\"},{\"@type\":\"Organization\",\"@id\":\"https:\/\/mservices1800.be\/#organization\",\"name\":\"MServiceS\",\"url\":\"https:\/\/mservices1800.be\/\",\"logo\":{\"@type\":\"ImageObject\",\"inLanguage\":\"fr-FR\",\"@id\":\"https:\/\/mservices1800.be\/#\/schema\/logo\/image\/\",\"url\":\"https:\/\/www.mservices1800.be\/wp-content\/uploads\/2026\/01\/mservice-logo.png\",\"contentUrl\":\"https:\/\/www.mservices1800.be\/wp-content\/uploads\/2026\/01\/mservice-logo.png\",\"width\":2560,\"height\":926,\"caption\":\"MServiceS\"},\"image\":{\"@id\":\"https:\/\/mservices1800.be\/#\/schema\/logo\/image\/\"}}]}<\/script>\n<!-- \/ Yoast SEO plugin. -->","yoast_head_json":{"title":"Nettoyeur \u00e0 haute pression professionnel\u00a0sep\u00a0%","description":"Nettoyage professionnel \u00e0 haute pression \u00e0 Vilvoorde et dans les environs pour les all\u00e9es, terrasses et murs de sout\u00e8nement. Enlevez la mousse et la salet\u00e9 en toute s\u00e9curit\u00e9 et en profondeur. Demandez votre devis sans obligation.","robots":{"index":"index","follow":"follow","max-snippet":"max-snippet:-1","max-image-preview":"max-image-preview:large","max-video-preview":"max-video-preview:-1"},"canonical":"https:\/\/www.mservices1800.be\/fr\/services\/nettoyage-haute-pression\/","og_locale":"fr_FR","og_type":"article","og_title":"Nettoyeur \u00e0 haute pression professionnel\u00a0sep\u00a0%","og_description":"Nettoyage professionnel \u00e0 haute pression \u00e0 Vilvoorde et dans les environs pour les all\u00e9es, terrasses et murs de sout\u00e8nement. Enlevez la mousse et la salet\u00e9 en toute s\u00e9curit\u00e9 et en profondeur. Demandez votre devis sans obligation.","og_url":"https:\/\/www.mservices1800.be\/fr\/services\/nettoyage-haute-pression\/","og_site_name":"MServiceS","article_modified_time":"2026-02-10T11:43:27+00:00","og_image":[{"width":1848,"height":2778,"url":"https:\/\/www.mservices1800.be\/wp-content\/uploads\/2026\/02\/Site-HD-1.jpg","type":"image\/jpeg"}],"twitter_card":"summary_large_image","twitter_misc":{"Dur\u00e9e de lecture estim\u00e9e":"2 minutes"},"schema":{"@context":"https:\/\/schema.org","@graph":[{"@type":"WebPage","@id":"https:\/\/www.mservices1800.be\/fr\/services\/nettoyage-haute-pression\/","url":"https:\/\/www.mservices1800.be\/fr\/services\/nettoyage-haute-pression\/","name":"Nettoyeur \u00e0 haute pression professionnel\u00a0sep\u00a0%","isPartOf":{"@id":"https:\/\/mservices1800.be\/#website"},"primaryImageOfPage":{"@id":"https:\/\/www.mservices1800.be\/fr\/services\/nettoyage-haute-pression\/#primaryimage"},"image":{"@id":"https:\/\/www.mservices1800.be\/fr\/services\/nettoyage-haute-pression\/#primaryimage"},"thumbnailUrl":"https:\/\/www.mservices1800.be\/wp-content\/uploads\/2026\/02\/Site-HD-1.jpg","datePublished":"2026-01-21T10:37:43+00:00","dateModified":"2026-02-10T11:43:27+00:00","description":"Nettoyage professionnel \u00e0 haute pression \u00e0 Vilvoorde et dans les environs pour les all\u00e9es, terrasses et murs de sout\u00e8nement. Enlevez la mousse et la salet\u00e9 en toute s\u00e9curit\u00e9 et en profondeur. Demandez votre devis sans obligation.","breadcrumb":{"@id":"https:\/\/www.mservices1800.be\/fr\/services\/nettoyage-haute-pression\/#breadcrumb"},"inLanguage":"fr-FR","potentialAction":[{"@type":"ReadAction","target":["https:\/\/www.mservices1800.be\/fr\/services\/nettoyage-haute-pression\/"]}]},{"@type":"ImageObject","inLanguage":"fr-FR","@id":"https:\/\/www.mservices1800.be\/fr\/services\/nettoyage-haute-pression\/#primaryimage","url":"https:\/\/www.mservices1800.be\/wp-content\/uploads\/2026\/02\/Site-HD-1.jpg","contentUrl":"https:\/\/www.mservices1800.be\/wp-content\/uploads\/2026\/02\/Site-HD-1.jpg"},{"@type":"BreadcrumbList","@id":"https:\/\/www.mservices1800.be\/fr\/services\/nettoyage-haute-pression\/#breadcrumb","itemListElement":[{"@type":"ListItem","position":1,"name":"Home","item":"https:\/\/www.mservices1800.be\/fr\/accueil\/"},{"@type":"ListItem","position":2,"name":"Services","item":"https:\/\/www.mservices1800.be\/fr\/services\/"},{"@type":"ListItem","position":3,"name":"Nettoyage haute pression"}]},{"@type":"WebSite","@id":"https:\/\/mservices1800.be\/#website","url":"https:\/\/mservices1800.be\/","name":"MServiceS","description":"At your service for your outdoor surface","publisher":{"@id":"https:\/\/mservices1800.be\/#organization"},"potentialAction":[{"@type":"SearchAction","target":{"@type":"EntryPoint","urlTemplate":"https:\/\/mservices1800.be\/?s={search_term_string}"},"query-input":{"@type":"PropertyValueSpecification","valueRequired":true,"valueName":"search_term_string"}}],"inLanguage":"fr-FR"},{"@type":"Organization","@id":"https:\/\/mservices1800.be\/#organization","name":"MServiceS","url":"https:\/\/mservices1800.be\/","logo":{"@type":"ImageObject","inLanguage":"fr-FR","@id":"https:\/\/mservices1800.be\/#\/schema\/logo\/image\/","url":"https:\/\/www.mservices1800.be\/wp-content\/uploads\/2026\/01\/mservice-logo.png","contentUrl":"https:\/\/www.mservices1800.be\/wp-content\/uploads\/2026\/01\/mservice-logo.png","width":2560,"height":926,"caption":"MServiceS"},"image":{"@id":"https:\/\/mservices1800.be\/#\/schema\/logo\/image\/"}}]}},"_links":{"self":[{"href":"https:\/\/www.mservices1800.be\/fr\/wp-json\/wp\/v2\/pages\/481","targetHints":{"allow":["GET"]}}],"collection":[{"href":"https:\/\/www.mservices1800.be\/fr\/wp-json\/wp\/v2\/pages"}],"about":[{"href":"https:\/\/www.mservices1800.be\/fr\/wp-json\/wp\/v2\/types\/page"}],"author":[{"embeddable":true,"href":"https:\/\/www.mservices1800.be\/fr\/wp-json\/wp\/v2\/users\/1"}],"replies":[{"embeddable":true,"href":"https:\/\/www.mservices1800.be\/fr\/wp-json\/wp\/v2\/comments?post=481"}],"version-history":[{"count":3,"href":"https:\/\/www.mservices1800.be\/fr\/wp-json\/wp\/v2\/pages\/481\/revisions"}],"predecessor-version":[{"id":547,"href":"https:\/\/www.mservices1800.be\/fr\/wp-json\/wp\/v2\/pages\/481\/revisions\/547"}],"up":[{"embeddable":true,"href":"https:\/\/www.mservices1800.be\/fr\/wp-json\/wp\/v2\/pages\/475"}],"wp:attachment":[{"href":"https:\/\/www.mservices1800.be\/fr\/wp-json\/wp\/v2\/media?parent=481"}],"curies":[{"name":"wp","href":"https:\/\/api.w.org\/{rel}","templated":true}]}}