{"id":487,"date":"2026-01-21T10:37:44","date_gmt":"2026-01-21T10:37:44","guid":{"rendered":"https:\/\/www.mservices1800.be\/services\/nettoyage-des-fenetres\/"},"modified":"2026-02-10T11:44:29","modified_gmt":"2026-02-10T11:44:29","slug":"nettoyage-des-fenetres","status":"publish","type":"page","link":"https:\/\/www.mservices1800.be\/fr\/services\/nettoyage-des-fenetres\/","title":{"rendered":"Nettoyage des fen\u00eatres"},"content":{"rendered":"\n<div class=\"wp-block-madeit-block-content container\" style=\"margin-top:200px;margin-bottom:100px\"><div class=\"row\">\n<div class=\"wp-block-madeit-block-content-column col-12 col-lg-12\">\n<h1 class=\"wp-block-heading is-style-elementRight mb-0\" style=\"text-transform:uppercase\">Nettoyage des fen&ecirc;tres<\/h1>\n\n\n\n<h2 class=\"wp-block-heading is-style-elementRight\" style=\"font-size:2.5rem;text-transform:uppercase\"><strong>Une vision cristalline pour la maison et l&rsquo;entreprise<\/strong><\/h2>\n\n\n\n<div style=\"height:40px\" aria-hidden=\"true\" class=\"wp-block-spacer\"><\/div>\n\n\n\n<div class=\"wp-block-group is-content-justification-left is-layout-constrained wp-container-core-group-is-layout-a6737e7d wp-block-group-is-layout-constrained\">\n<p>Vous voulez faire briller vos fen&ecirc;tres comme jamais auparavant ? Chez MServiceS, vous &ecirc;tes au bon endroit pour un nettoyage professionnel de vitres &agrave; Vilvoorde et dans les environs. Nous garantissons un r&eacute;sultat d&rsquo;une clart&eacute; cristalline avec un souci du d&eacute;tail, de la qualit&eacute; et de la s&eacute;curit&eacute;.<\/p>\n<\/div>\n<\/div>\n<\/div><\/div>\n\n<div class=\"wp-block-madeit-block-content container margin-column-mobile\" style=\"margin-top:100px;margin-bottom:100px\"><div class=\"row\">\n<div class=\"wp-block-madeit-block-content-column is-vertically-aligned-center col-12 col-lg-5\">\n<figure class=\"wp-block-image size-full mobile4-3\"><img decoding=\"async\" width=\"4000\" height=\"1848\" src=\"https:\/\/www.mservices1800.be\/wp-content\/uploads\/2026\/02\/Site-R-29.jpg\" alt=\"\" class=\"wp-image-377\" style=\"aspect-ratio:1;object-fit:cover\"><\/figure>\n<\/div>\n\n\n\n<div class=\"wp-block-madeit-block-content-column col-12 col-lg-1\"><\/div>\n\n\n\n<div class=\"wp-block-madeit-block-content-column is-vertically-aligned-center col-12 col-lg-6\">\n<h2 class=\"wp-block-heading\"><strong>Pourquoi les fen&ecirc;tres ont-elles &eacute;t&eacute; nettoy&eacute;es ?<\/strong><\/h2>\n\n\n\n<div style=\"height:20px\" aria-hidden=\"true\" class=\"wp-block-spacer\"><\/div>\n\n\n\n<p>Des fen&ecirc;tres propres font plus que simplement rendre votre maison ou votre entreprise plus belle. Ils laissent entrer plus de lumi&egrave;re naturelle et offrent un aspect soign&eacute; et professionnel. Un entretien r&eacute;gulier &eacute;vite la salet&eacute; tenace et prolonge la dur&eacute;e de vie de vos fen&ecirc;tres.<\/p>\n\n\n\n<div style=\"height:40px\" aria-hidden=\"true\" class=\"wp-block-spacer\"><\/div>\n\n\n\n<div class=\"wp-block-buttons is-layout-flex wp-block-buttons-is-layout-flex\">\n<div class=\"wp-block-button\"><a class=\"wp-block-button__link wp-element-button\" href=\"https:\/\/www.mservices1800.be\/fr\/demandez-votre-devis\/\">Demandez votre devis<\/a><\/div>\n<\/div>\n<\/div>\n<\/div><\/div>\n\n<div class=\"wp-block-madeit-block-content container-fluid has-background has-secondary-background-color\" style=\"margin-top:10px;margin-bottom:10px;padding-top:50px;padding-bottom:50px\"><div class=\"row\"><div class=\"col\"><div class=\"container\"><div class=\"row\">\n<div class=\"wp-block-madeit-block-content-column col-12 col-lg-12\">\n<div class=\"wp-block-gutsliders-before-after gutslider-afbef3cb\"><div class=\"gutslider-compare-block\" data-beforeimage=\"{\" uploading image feb februari reinigen mb data-afterimage=\"{\" data-comparisonoptions=\"{\" disablesliding data-slideroptions=\"{\" showlabels><\/div><\/div>\n<\/div>\n<\/div><\/div><\/div><\/div><\/div>\n\n<div class=\"wp-block-madeit-block-content container margin-column-mobile\" style=\"margin-top:100px;margin-bottom:100px\"><div class=\"row\">\n<div class=\"wp-block-madeit-block-content-column is-vertically-aligned-top col-12 col-lg-5\">\n<figure class=\"wp-block-image size-full mobile4-3\"><img decoding=\"async\" width=\"1848\" height=\"3311\" src=\"https:\/\/www.mservices1800.be\/wp-content\/uploads\/2026\/02\/Site-R-45.jpg\" alt=\"\" class=\"wp-image-378\" style=\"aspect-ratio:1;object-fit:cover\"><\/figure>\n<\/div>\n\n\n\n<div class=\"wp-block-madeit-block-content-column col-12 col-lg-1\"><\/div>\n\n\n\n<div class=\"wp-block-madeit-block-content-column is-vertically-aligned-center col-12 col-lg-6 order-first order-lg-last\">\n<p><mark style=\"background-color:#E48225\" class=\"has-inline-color\">Notre approche :<\/mark><\/p>\n\n\n\n<h2 class=\"wp-block-heading\"><strong>Efficace, professionnel et durable<\/strong><\/h2>\n\n\n\n<div style=\"height:20px\" aria-hidden=\"true\" class=\"wp-block-spacer\"><\/div>\n\n\n\n<p>Pour nettoyer les fen&ecirc;tres, nous utilisons de l&rsquo;eau osmose : une m&eacute;thode 100 % naturelle et respectueuse de l&rsquo;environnement. Cela garantit des fen&ecirc;tres sans traces, sans calcaire ni ab&icirc;me le verre.<\/p>\n\n\n\n<p><strong>Qu&rsquo;est-ce que cela signifie pour vous ?<\/strong><\/p>\n\n\n\n<div style=\"height:20px\" aria-hidden=\"true\" class=\"wp-block-spacer\"><\/div>\n\n\n\n<div class=\"wp-block-group is-nowrap is-layout-flex wp-container-core-group-is-layout-ad2f72ca wp-block-group-is-layout-flex\"><div style=\"--ub-icon-rotation:rotate(0deg);--ub-icon-size:40px;--ub-icon-color:#ffffff00;--ub-icon-justification:left;--ub-icon-border-top:  undefined;--ub-icon-border-right:  undefined;--ub-icon-border-bottom:  undefined;--ub-icon-border-left:  undefined\" class=\"wp-block-ub-icon\" id=\"ub-icon-\"><div class=\"ub_icon\"><div class=\"ub_icon_wrapper\"><svg width=\"35\" height=\"35\" viewbox=\"0 0 35 35\" fill=\"none\" xmlns=\"http:\/\/www.w3.org\/2000\/svg\">\n<path d=\"M17.4997 30.625C14.4632 30.625 11.5206 29.5721 9.17336 27.6457C6.8261 25.7193 5.2194 23.0387 4.62703 20.0605C4.03465 17.0823 4.49325 13.9908 5.92469 11.3128C7.35612 8.63486 9.67182 6.53606 12.4772 5.37405C15.2826 4.21204 18.4042 4.05871 21.3099 4.94019C24.2157 5.82167 26.726 7.68342 28.4129 10.2082C30.0999 12.733 30.8593 15.7646 30.5616 18.7866C30.264 21.8085 28.9277 24.6337 26.7806 26.7808\" stroke=\"#E48225\" stroke-width=\"2\" stroke-linecap=\"round\"><\/path>\n<path d=\"M23.3334 14.583L18.0863 20.8801C17.1311 22.0263 16.6527 22.6009 16.0096 22.6301C15.3665 22.6593 14.8386 22.1299 13.7827 21.074L11.6667 18.958\" stroke=\"#E48225\" stroke-width=\"2\" stroke-linecap=\"round\"><\/path>\n<\/svg><\/div><\/div><\/div>\n\n\n\n<p>Des fen&ecirc;tres d&rsquo;une clart&eacute; cristalline, sans traces ni rayures.<\/p>\n<\/div>\n\n\n\n<div style=\"height:20px\" aria-hidden=\"true\" class=\"wp-block-spacer\"><\/div>\n\n\n\n<div class=\"wp-block-group is-nowrap is-layout-flex wp-container-core-group-is-layout-ad2f72ca wp-block-group-is-layout-flex\"><div style=\"--ub-icon-rotation:rotate(0deg);--ub-icon-size:40px;--ub-icon-color:#ffffff00;--ub-icon-justification:left;--ub-icon-border-top:  undefined;--ub-icon-border-right:  undefined;--ub-icon-border-bottom:  undefined;--ub-icon-border-left:  undefined\" class=\"wp-block-ub-icon\" id=\"ub-icon-\"><div class=\"ub_icon\"><div class=\"ub_icon_wrapper\"><svg width=\"35\" height=\"35\" viewbox=\"0 0 35 35\" fill=\"none\" xmlns=\"http:\/\/www.w3.org\/2000\/svg\">\n<path d=\"M17.4997 30.625C14.4632 30.625 11.5206 29.5721 9.17336 27.6457C6.8261 25.7193 5.2194 23.0387 4.62703 20.0605C4.03465 17.0823 4.49325 13.9908 5.92469 11.3128C7.35612 8.63486 9.67182 6.53606 12.4772 5.37405C15.2826 4.21204 18.4042 4.05871 21.3099 4.94019C24.2157 5.82167 26.726 7.68342 28.4129 10.2082C30.0999 12.733 30.8593 15.7646 30.5616 18.7866C30.264 21.8085 28.9277 24.6337 26.7806 26.7808\" stroke=\"#E48225\" stroke-width=\"2\" stroke-linecap=\"round\"><\/path>\n<path d=\"M23.3334 14.583L18.0863 20.8801C17.1311 22.0263 16.6527 22.6009 16.0096 22.6301C15.3665 22.6593 14.8386 22.1299 13.7827 21.074L11.6667 18.958\" stroke=\"#E48225\" stroke-width=\"2\" stroke-linecap=\"round\"><\/path>\n<\/svg><\/div><\/div><\/div>\n\n\n\n<p>Adapt&eacute; aux particuliers et aux entreprises.<\/p>\n<\/div>\n\n\n\n<div style=\"height:20px\" aria-hidden=\"true\" class=\"wp-block-spacer\"><\/div>\n\n\n\n<div class=\"wp-block-group is-nowrap is-layout-flex wp-container-core-group-is-layout-ad2f72ca wp-block-group-is-layout-flex\"><div style=\"--ub-icon-rotation:rotate(0deg);--ub-icon-size:40px;--ub-icon-color:#ffffff00;--ub-icon-justification:left;--ub-icon-border-top:  undefined;--ub-icon-border-right:  undefined;--ub-icon-border-bottom:  undefined;--ub-icon-border-left:  undefined\" class=\"wp-block-ub-icon\" id=\"ub-icon-\"><div class=\"ub_icon\"><div class=\"ub_icon_wrapper\"><svg width=\"35\" height=\"35\" viewbox=\"0 0 35 35\" fill=\"none\" xmlns=\"http:\/\/www.w3.org\/2000\/svg\">\n<path d=\"M17.4997 30.625C14.4632 30.625 11.5206 29.5721 9.17336 27.6457C6.8261 25.7193 5.2194 23.0387 4.62703 20.0605C4.03465 17.0823 4.49325 13.9908 5.92469 11.3128C7.35612 8.63486 9.67182 6.53606 12.4772 5.37405C15.2826 4.21204 18.4042 4.05871 21.3099 4.94019C24.2157 5.82167 26.726 7.68342 28.4129 10.2082C30.0999 12.733 30.8593 15.7646 30.5616 18.7866C30.264 21.8085 28.9277 24.6337 26.7806 26.7808\" stroke=\"#E48225\" stroke-width=\"2\" stroke-linecap=\"round\"><\/path>\n<path d=\"M23.3334 14.583L18.0863 20.8801C17.1311 22.0263 16.6527 22.6009 16.0096 22.6301C15.3665 22.6593 14.8386 22.1299 13.7827 21.074L11.6667 18.958\" stroke=\"#E48225\" stroke-width=\"2\" stroke-linecap=\"round\"><\/path>\n<\/svg><\/div><\/div><\/div>\n\n\n\n<p>Maisons, appartements ainsi que commerces et immeubles de bureaux.<\/p>\n<\/div>\n<\/div>\n<\/div><\/div>\n\n<div class=\"wp-block-madeit-block-content container\" style=\"margin-top:100px;margin-bottom:100px\"><div class=\"row\">\n<div class=\"wp-block-madeit-block-content-column col-12 col-lg-12\">\n<div class=\"wp-block-cover is-light\"><img decoding=\"async\" width=\"4000\" height=\"1848\" class=\"wp-block-cover__image-background wp-image-377 size-full\" alt=\"\" src=\"https:\/\/www.mservices1800.be\/wp-content\/uploads\/2026\/02\/Site-R-29.jpg\" style=\"object-position:50% 26%\" data-object-fit=\"cover\" data-object-position=\"50% 26%\"><span aria-hidden=\"true\" class=\"wp-block-cover__background has-primary-background-color has-background-dim-90 has-background-dim\"><\/span><div class=\"wp-block-cover__inner-container is-layout-constrained wp-block-cover-is-layout-constrained\">\n<h2 class=\"wp-block-heading has-text-align-center\"><strong>Demandez votre devis d&egrave;s aujourd&rsquo;hui !<\/strong><\/h2>\n\n\n\n<div style=\"height:20px\" aria-hidden=\"true\" class=\"wp-block-spacer\"><\/div>\n\n\n\n<p class=\"has-text-align-center\">Voulez-vous des fen&ecirc;tres d&rsquo;une propret&eacute; &eacute;clatante sans avoir &agrave; investir votre temps et vos efforts ? Pas de probl&egrave;me ! Chez MServiceS, nous sommes ravis de vous prendre en charge cette t&acirc;che. Gr&acirc;ce &agrave; notre approche personnalis&eacute;e et &agrave; nos outils professionnels, vous &ecirc;tes assur&eacute; d&rsquo;obtenir des r&eacute;sultats cristallins.<br>N&rsquo;h&eacute;sitez pas et contactez-nous pour un devis gratuit.<\/p>\n\n\n\n<div style=\"height:30px\" aria-hidden=\"true\" class=\"wp-block-spacer\"><\/div>\n\n\n\n<div class=\"wp-block-buttons is-content-justification-center is-layout-flex wp-container-core-buttons-is-layout-16018d1d wp-block-buttons-is-layout-flex\">\n<div class=\"wp-block-button\"><a class=\"wp-block-button__link wp-element-button\" href=\"https:\/\/www.mservices1800.be\/fr\/demandez-votre-devis\/\">Demandez votre devis<\/a><\/div>\n<\/div>\n<\/div><\/div>\n<\/div>\n<\/div><\/div>\n\n","protected":false},"excerpt":{"rendered":"","protected":false},"author":1,"featured_media":0,"parent":475,"menu_order":0,"comment_status":"closed","ping_status":"closed","template":"","meta":{"_acf_changed":false,"footnotes":""},"class_list":["post-487","page","type-page","status-publish","hentry"],"acf":[],"featured_image_src":null,"yoast_head":"<!-- This site is optimized with the Yoast SEO plugin v27.2 - https:\/\/yoast.com\/product\/yoast-seo-wordpress\/ -->\n<title>Windows cleaning in Vilvoorde Streak-free &amp; professional<\/title>\n<meta name=\"description\" content=\"Faites nettoyer vos fen\u00eatres par un professionnel \u00e0 Vilvoorde et dans les environs. R\u00e9sultat sans stries avec de l\u2019eau par osmose pour les foyers et les entreprises. Demandez votre devis sans obligation.\" \/>\n<meta name=\"robots\" content=\"index, follow, max-snippet:-1, max-image-preview:large, max-video-preview:-1\" \/>\n<link rel=\"canonical\" href=\"https:\/\/www.mservices1800.be\/fr\/services\/nettoyage-des-fenetres\/\" \/>\n<meta property=\"og:locale\" content=\"fr_FR\" \/>\n<meta property=\"og:type\" content=\"article\" \/>\n<meta property=\"og:title\" content=\"Windows cleaning in Vilvoorde Streak-free &amp; professional\" \/>\n<meta property=\"og:description\" content=\"Faites nettoyer vos fen\u00eatres par un professionnel \u00e0 Vilvoorde et dans les environs. R\u00e9sultat sans stries avec de l\u2019eau par osmose pour les foyers et les entreprises. Demandez votre devis sans obligation.\" \/>\n<meta property=\"og:url\" content=\"https:\/\/www.mservices1800.be\/fr\/services\/nettoyage-des-fenetres\/\" \/>\n<meta property=\"og:site_name\" content=\"MServiceS\" \/>\n<meta property=\"article:modified_time\" content=\"2026-02-10T11:44:29+00:00\" \/>\n<meta property=\"og:image\" content=\"https:\/\/www.mservices1800.be\/wp-content\/uploads\/2026\/02\/Site-R-29.jpg\" \/>\n\t<meta property=\"og:image:width\" content=\"740\" \/>\n\t<meta property=\"og:image:height\" content=\"342\" \/>\n\t<meta property=\"og:image:type\" content=\"image\/jpeg\" \/>\n<meta name=\"twitter:card\" content=\"summary_large_image\" \/>\n<meta name=\"twitter:label1\" content=\"Dur\u00e9e de lecture estim\u00e9e\" \/>\n\t<meta name=\"twitter:data1\" content=\"1 minute\" \/>\n<script type=\"application\/ld+json\" class=\"yoast-schema-graph\">{\"@context\":\"https:\/\/schema.org\",\"@graph\":[{\"@type\":\"WebPage\",\"@id\":\"https:\/\/www.mservices1800.be\/fr\/services\/nettoyage-des-fenetres\/\",\"url\":\"https:\/\/www.mservices1800.be\/fr\/services\/nettoyage-des-fenetres\/\",\"name\":\"Windows cleaning in Vilvoorde Streak-free & professional\",\"isPartOf\":{\"@id\":\"https:\/\/mservices1800.be\/#website\"},\"primaryImageOfPage\":{\"@id\":\"https:\/\/www.mservices1800.be\/fr\/services\/nettoyage-des-fenetres\/#primaryimage\"},\"image\":{\"@id\":\"https:\/\/www.mservices1800.be\/fr\/services\/nettoyage-des-fenetres\/#primaryimage\"},\"thumbnailUrl\":\"https:\/\/www.mservices1800.be\/wp-content\/uploads\/2026\/02\/Site-R-29.jpg\",\"datePublished\":\"2026-01-21T10:37:44+00:00\",\"dateModified\":\"2026-02-10T11:44:29+00:00\",\"description\":\"Faites nettoyer vos fen\u00eatres par un professionnel \u00e0 Vilvoorde et dans les environs. R\u00e9sultat sans stries avec de l\u2019eau par osmose pour les foyers et les entreprises. Demandez votre devis sans obligation.\",\"breadcrumb\":{\"@id\":\"https:\/\/www.mservices1800.be\/fr\/services\/nettoyage-des-fenetres\/#breadcrumb\"},\"inLanguage\":\"fr-FR\",\"potentialAction\":[{\"@type\":\"ReadAction\",\"target\":[\"https:\/\/www.mservices1800.be\/fr\/services\/nettoyage-des-fenetres\/\"]}]},{\"@type\":\"ImageObject\",\"inLanguage\":\"fr-FR\",\"@id\":\"https:\/\/www.mservices1800.be\/fr\/services\/nettoyage-des-fenetres\/#primaryimage\",\"url\":\"https:\/\/www.mservices1800.be\/wp-content\/uploads\/2026\/02\/Site-R-29.jpg\",\"contentUrl\":\"https:\/\/www.mservices1800.be\/wp-content\/uploads\/2026\/02\/Site-R-29.jpg\"},{\"@type\":\"BreadcrumbList\",\"@id\":\"https:\/\/www.mservices1800.be\/fr\/services\/nettoyage-des-fenetres\/#breadcrumb\",\"itemListElement\":[{\"@type\":\"ListItem\",\"position\":1,\"name\":\"Home\",\"item\":\"https:\/\/www.mservices1800.be\/fr\/accueil\/\"},{\"@type\":\"ListItem\",\"position\":2,\"name\":\"Services\",\"item\":\"https:\/\/www.mservices1800.be\/fr\/services\/\"},{\"@type\":\"ListItem\",\"position\":3,\"name\":\"Nettoyage des fen\u00eatres\"}]},{\"@type\":\"WebSite\",\"@id\":\"https:\/\/mservices1800.be\/#website\",\"url\":\"https:\/\/mservices1800.be\/\",\"name\":\"MServiceS\",\"description\":\"At your service for your outdoor surface\",\"publisher\":{\"@id\":\"https:\/\/mservices1800.be\/#organization\"},\"potentialAction\":[{\"@type\":\"SearchAction\",\"target\":{\"@type\":\"EntryPoint\",\"urlTemplate\":\"https:\/\/mservices1800.be\/?s={search_term_string}\"},\"query-input\":{\"@type\":\"PropertyValueSpecification\",\"valueRequired\":true,\"valueName\":\"search_term_string\"}}],\"inLanguage\":\"fr-FR\"},{\"@type\":\"Organization\",\"@id\":\"https:\/\/mservices1800.be\/#organization\",\"name\":\"MServiceS\",\"url\":\"https:\/\/mservices1800.be\/\",\"logo\":{\"@type\":\"ImageObject\",\"inLanguage\":\"fr-FR\",\"@id\":\"https:\/\/mservices1800.be\/#\/schema\/logo\/image\/\",\"url\":\"https:\/\/www.mservices1800.be\/wp-content\/uploads\/2026\/01\/mservice-logo.png\",\"contentUrl\":\"https:\/\/www.mservices1800.be\/wp-content\/uploads\/2026\/01\/mservice-logo.png\",\"width\":2560,\"height\":926,\"caption\":\"MServiceS\"},\"image\":{\"@id\":\"https:\/\/mservices1800.be\/#\/schema\/logo\/image\/\"}}]}<\/script>\n<!-- \/ Yoast SEO plugin. -->","yoast_head_json":{"title":"Windows cleaning in Vilvoorde Streak-free & professional","description":"Faites nettoyer vos fen\u00eatres par un professionnel \u00e0 Vilvoorde et dans les environs. R\u00e9sultat sans stries avec de l\u2019eau par osmose pour les foyers et les entreprises. Demandez votre devis sans obligation.","robots":{"index":"index","follow":"follow","max-snippet":"max-snippet:-1","max-image-preview":"max-image-preview:large","max-video-preview":"max-video-preview:-1"},"canonical":"https:\/\/www.mservices1800.be\/fr\/services\/nettoyage-des-fenetres\/","og_locale":"fr_FR","og_type":"article","og_title":"Windows cleaning in Vilvoorde Streak-free & professional","og_description":"Faites nettoyer vos fen\u00eatres par un professionnel \u00e0 Vilvoorde et dans les environs. R\u00e9sultat sans stries avec de l\u2019eau par osmose pour les foyers et les entreprises. Demandez votre devis sans obligation.","og_url":"https:\/\/www.mservices1800.be\/fr\/services\/nettoyage-des-fenetres\/","og_site_name":"MServiceS","article_modified_time":"2026-02-10T11:44:29+00:00","og_image":[{"url":"https:\/\/www.mservices1800.be\/wp-content\/uploads\/2026\/02\/Site-R-29.jpg","width":740,"height":342,"type":"image\/jpeg"}],"twitter_card":"summary_large_image","twitter_misc":{"Dur\u00e9e de lecture estim\u00e9e":"1 minute"},"schema":{"@context":"https:\/\/schema.org","@graph":[{"@type":"WebPage","@id":"https:\/\/www.mservices1800.be\/fr\/services\/nettoyage-des-fenetres\/","url":"https:\/\/www.mservices1800.be\/fr\/services\/nettoyage-des-fenetres\/","name":"Windows cleaning in Vilvoorde Streak-free & professional","isPartOf":{"@id":"https:\/\/mservices1800.be\/#website"},"primaryImageOfPage":{"@id":"https:\/\/www.mservices1800.be\/fr\/services\/nettoyage-des-fenetres\/#primaryimage"},"image":{"@id":"https:\/\/www.mservices1800.be\/fr\/services\/nettoyage-des-fenetres\/#primaryimage"},"thumbnailUrl":"https:\/\/www.mservices1800.be\/wp-content\/uploads\/2026\/02\/Site-R-29.jpg","datePublished":"2026-01-21T10:37:44+00:00","dateModified":"2026-02-10T11:44:29+00:00","description":"Faites nettoyer vos fen\u00eatres par un professionnel \u00e0 Vilvoorde et dans les environs. R\u00e9sultat sans stries avec de l\u2019eau par osmose pour les foyers et les entreprises. Demandez votre devis sans obligation.","breadcrumb":{"@id":"https:\/\/www.mservices1800.be\/fr\/services\/nettoyage-des-fenetres\/#breadcrumb"},"inLanguage":"fr-FR","potentialAction":[{"@type":"ReadAction","target":["https:\/\/www.mservices1800.be\/fr\/services\/nettoyage-des-fenetres\/"]}]},{"@type":"ImageObject","inLanguage":"fr-FR","@id":"https:\/\/www.mservices1800.be\/fr\/services\/nettoyage-des-fenetres\/#primaryimage","url":"https:\/\/www.mservices1800.be\/wp-content\/uploads\/2026\/02\/Site-R-29.jpg","contentUrl":"https:\/\/www.mservices1800.be\/wp-content\/uploads\/2026\/02\/Site-R-29.jpg"},{"@type":"BreadcrumbList","@id":"https:\/\/www.mservices1800.be\/fr\/services\/nettoyage-des-fenetres\/#breadcrumb","itemListElement":[{"@type":"ListItem","position":1,"name":"Home","item":"https:\/\/www.mservices1800.be\/fr\/accueil\/"},{"@type":"ListItem","position":2,"name":"Services","item":"https:\/\/www.mservices1800.be\/fr\/services\/"},{"@type":"ListItem","position":3,"name":"Nettoyage des fen\u00eatres"}]},{"@type":"WebSite","@id":"https:\/\/mservices1800.be\/#website","url":"https:\/\/mservices1800.be\/","name":"MServiceS","description":"At your service for your outdoor surface","publisher":{"@id":"https:\/\/mservices1800.be\/#organization"},"potentialAction":[{"@type":"SearchAction","target":{"@type":"EntryPoint","urlTemplate":"https:\/\/mservices1800.be\/?s={search_term_string}"},"query-input":{"@type":"PropertyValueSpecification","valueRequired":true,"valueName":"search_term_string"}}],"inLanguage":"fr-FR"},{"@type":"Organization","@id":"https:\/\/mservices1800.be\/#organization","name":"MServiceS","url":"https:\/\/mservices1800.be\/","logo":{"@type":"ImageObject","inLanguage":"fr-FR","@id":"https:\/\/mservices1800.be\/#\/schema\/logo\/image\/","url":"https:\/\/www.mservices1800.be\/wp-content\/uploads\/2026\/01\/mservice-logo.png","contentUrl":"https:\/\/www.mservices1800.be\/wp-content\/uploads\/2026\/01\/mservice-logo.png","width":2560,"height":926,"caption":"MServiceS"},"image":{"@id":"https:\/\/mservices1800.be\/#\/schema\/logo\/image\/"}}]}},"_links":{"self":[{"href":"https:\/\/www.mservices1800.be\/fr\/wp-json\/wp\/v2\/pages\/487","targetHints":{"allow":["GET"]}}],"collection":[{"href":"https:\/\/www.mservices1800.be\/fr\/wp-json\/wp\/v2\/pages"}],"about":[{"href":"https:\/\/www.mservices1800.be\/fr\/wp-json\/wp\/v2\/types\/page"}],"author":[{"embeddable":true,"href":"https:\/\/www.mservices1800.be\/fr\/wp-json\/wp\/v2\/users\/1"}],"replies":[{"embeddable":true,"href":"https:\/\/www.mservices1800.be\/fr\/wp-json\/wp\/v2\/comments?post=487"}],"version-history":[{"count":3,"href":"https:\/\/www.mservices1800.be\/fr\/wp-json\/wp\/v2\/pages\/487\/revisions"}],"predecessor-version":[{"id":551,"href":"https:\/\/www.mservices1800.be\/fr\/wp-json\/wp\/v2\/pages\/487\/revisions\/551"}],"up":[{"embeddable":true,"href":"https:\/\/www.mservices1800.be\/fr\/wp-json\/wp\/v2\/pages\/475"}],"wp:attachment":[{"href":"https:\/\/www.mservices1800.be\/fr\/wp-json\/wp\/v2\/media?parent=487"}],"curies":[{"name":"wp","href":"https:\/\/api.w.org\/{rel}","templated":true}]}}