{"id":497,"date":"2026-01-21T10:37:44","date_gmt":"2026-01-21T10:37:44","guid":{"rendered":"https:\/\/www.mservices1800.be\/services\/softwash\/"},"modified":"2026-02-10T11:43:52","modified_gmt":"2026-02-10T11:43:52","slug":"softwash","status":"publish","type":"page","link":"https:\/\/www.mservices1800.be\/fr\/services\/softwash\/","title":{"rendered":"Softwash"},"content":{"rendered":"\n<div class=\"wp-block-madeit-block-content container\" style=\"margin-top:200px;margin-bottom:100px\"><div class=\"row\">\n<div class=\"wp-block-madeit-block-content-column col-12 col-lg-12\">\n<h1 class=\"wp-block-heading is-style-elementRight mb-0\" style=\"text-transform:uppercase\">Softwash<\/h1>\n\n\n\n<div style=\"height:40px\" aria-hidden=\"true\" class=\"wp-block-spacer\"><\/div>\n\n\n\n<div class=\"wp-block-group is-content-justification-left is-layout-constrained wp-container-core-group-is-layout-a6737e7d wp-block-group-is-layout-constrained\">\n<p>Lorsque vos fa&ccedil;ades ou toits sont contamin&eacute;s par des algues, de la mousse ou d&rsquo;autres d&eacute;p&ocirc;ts tenaces, une approche forte est n&eacute;cessaire. Mais tout ne b&eacute;n&eacute;ficie pas d&rsquo;un nettoyage &agrave; haute pression. Certains mat&eacute;riaux sont trop d&eacute;licats et n&eacute;cessitent un traitement plus doux. C&rsquo;est l&agrave; que le softwash entre en jeu : un moyen efficace et s&ucirc;r de rendre vos surfaces ext&eacute;rieures &agrave; nouveau comme neuves.   <\/p>\n<\/div>\n<\/div>\n<\/div><\/div>\n\n<div class=\"wp-block-madeit-block-content container margin-column-mobile\" style=\"margin-top:100px;margin-bottom:100px\"><div class=\"row\">\n<div class=\"wp-block-madeit-block-content-column is-vertically-aligned-center col-12 col-lg-5\">\n<figure class=\"wp-block-image size-full mobile4-3\"><img decoding=\"async\" width=\"4080\" height=\"3060\" src=\"https:\/\/www.mservices1800.be\/wp-content\/uploads\/2026\/01\/softwash-na-2.jpg\" alt=\"\" class=\"wp-image-78\" style=\"aspect-ratio:1;object-fit:cover\"><\/figure>\n<\/div>\n\n\n\n<div class=\"wp-block-madeit-block-content-column col-12 col-lg-1\"><\/div>\n\n\n\n<div class=\"wp-block-madeit-block-content-column is-vertically-aligned-center col-12 col-lg-6\">\n<h2 class=\"wp-block-heading\"><strong>Pourquoi choisir le softwash ?<\/strong><\/h2>\n\n\n\n<div style=\"height:20px\" aria-hidden=\"true\" class=\"wp-block-spacer\"><\/div>\n\n\n\n<p>Le softwash est bien plus qu&rsquo;une simple m&eacute;thode de nettoyage. C&rsquo;est une technique durable et respectueuse de l&rsquo;environnement qui &eacute;limine la salet&eacute; en profondeur sans endommager les mat&eacute;riaux sensibles tels que les tuiles, le pl&acirc;tre de fa&ccedil;ade ou le bois. Au lieu de la force brute, le softwash utilise une combinaison de pression d&rsquo;eau douce et de nettoyants &eacute;cologiques pour nettoyer en profondeur vos surfaces. Et gr&acirc;ce &agrave; l&rsquo;application de cette technique, vos fa&ccedil;ades et toits restent souvent propres plus longtemps.   <\/p>\n\n\n\n<div style=\"height:40px\" aria-hidden=\"true\" class=\"wp-block-spacer\"><\/div>\n\n\n\n<div class=\"wp-block-buttons is-layout-flex wp-block-buttons-is-layout-flex\">\n<div class=\"wp-block-button\"><a class=\"wp-block-button__link wp-element-button\" href=\"https:\/\/www.mservices1800.be\/fr\/demandez-votre-devis\/\">Demandez votre devis<\/a><\/div>\n<\/div>\n<\/div>\n<\/div><\/div>\n\n<div class=\"wp-block-madeit-block-content container-fluid has-background has-secondary-background-color\" style=\"margin-top:10px;margin-bottom:10px;padding-top:50px;padding-bottom:50px\"><div class=\"row\"><div class=\"col\"><div class=\"container\"><div class=\"row\">\n<div class=\"wp-block-madeit-block-content-column col-12 col-lg-12\">\n<div class=\"wp-block-gutsliders-before-after gutslider-b7740745\"><div class=\"gutslider-compare-block\" data-beforeimage=\"{\" id voor januari mb data-afterimage=\"{\" na data-comparisonoptions=\"{\" disablesliding data-slideroptions=\"{\" showlabels><\/div><\/div>\n<\/div>\n<\/div><\/div><\/div><\/div><\/div>\n\n<div class=\"wp-block-madeit-block-content container margin-column-mobile\" style=\"margin-top:100px;margin-bottom:100px\"><div class=\"row\">\n<div class=\"wp-block-madeit-block-content-column is-vertically-aligned-top col-12 col-lg-5\">\n<h2 class=\"wp-block-heading\"><strong>Faites briller &agrave; nouveau votre fa&ccedil;ade ou votre toit<\/strong><\/h2>\n\n\n\n<div style=\"height:20px\" aria-hidden=\"true\" class=\"wp-block-spacer\"><\/div>\n\n\n\n<p>Le softwash est la solution pour nettoyer les fa&ccedil;ades et toits sensibles. Contrairement au nettoyage haute pression, le lavage doux fonctionne avec des produits de nettoyage &agrave; basse pression et soigneusement choisis. Ainsi, la salet&eacute;, les algues et les mousses sont compl&egrave;tement &eacute;limin&eacute;es sans endommager la surface, tout en conservant l&rsquo;apparence originale de votre maison ou de votre entreprise.  <\/p>\n\n\n\n<div style=\"height:40px\" aria-hidden=\"true\" class=\"wp-block-spacer\"><\/div>\n\n\n\n<figure class=\"wp-block-image size-full\"><img decoding=\"async\" width=\"1008\" height=\"826\" src=\"https:\/\/www.mservices1800.be\/wp-content\/uploads\/2026\/02\/image-1.png\" alt=\"\" class=\"wp-image-422\" style=\"aspect-ratio:3\/4;object-fit:cover\"><\/figure>\n<\/div>\n\n\n\n<div class=\"wp-block-madeit-block-content-column col-12 col-lg-1\"><\/div>\n\n\n\n<div class=\"wp-block-madeit-block-content-column is-vertically-aligned-top col-12 col-lg-6\">\n<figure class=\"wp-block-image size-full d-none d-lg-block\"><img decoding=\"async\" width=\"3000\" height=\"4000\" src=\"https:\/\/www.mservices1800.be\/wp-content\/uploads\/2026\/02\/shutterstock_2681335351.jpg\" alt=\"\" class=\"wp-image-436\" style=\"aspect-ratio:4\/3;object-fit:cover\"><\/figure>\n\n\n\n<div style=\"height:50px\" aria-hidden=\"true\" class=\"wp-block-spacer d-none d-lg-block\"><\/div>\n\n\n\n<h2 class=\"wp-block-heading\"><strong>Les avantages du softwash<\/strong><\/h2>\n\n\n\n<div style=\"height:20px\" aria-hidden=\"true\" class=\"wp-block-spacer\"><\/div>\n\n\n\n<p>Le softwash est une technique de nettoyage efficace pour les surfaces sensibles telles que les fa&ccedil;ades et les toits. Gr&acirc;ce &agrave; la combinaison de basse pression et d&rsquo;agents de nettoyage sp&eacute;cialis&eacute;s, la contamination et les d&eacute;p&ocirc;ts organiques sont &eacute;limin&eacute;s en toute s&eacute;curit&eacute;. <\/p>\n\n\n\n<div style=\"height:20px\" aria-hidden=\"true\" class=\"wp-block-spacer\"><\/div>\n\n\n\n<div class=\"wp-block-group is-nowrap is-layout-flex wp-container-core-group-is-layout-ad2f72ca wp-block-group-is-layout-flex\"><div style=\"--ub-icon-rotation:rotate(0deg);--ub-icon-size:40px;--ub-icon-color:#ffffff00;--ub-icon-justification:left;--ub-icon-border-top:  undefined;--ub-icon-border-right:  undefined;--ub-icon-border-bottom:  undefined;--ub-icon-border-left:  undefined\" class=\"wp-block-ub-icon\" id=\"ub-icon-\"><div class=\"ub_icon\"><div class=\"ub_icon_wrapper\"><svg width=\"35\" height=\"35\" viewbox=\"0 0 35 35\" fill=\"none\" xmlns=\"http:\/\/www.w3.org\/2000\/svg\">\n<path d=\"M17.4997 30.625C14.4632 30.625 11.5206 29.5721 9.17336 27.6457C6.8261 25.7193 5.2194 23.0387 4.62703 20.0605C4.03465 17.0823 4.49325 13.9908 5.92469 11.3128C7.35612 8.63486 9.67182 6.53606 12.4772 5.37405C15.2826 4.21204 18.4042 4.05871 21.3099 4.94019C24.2157 5.82167 26.726 7.68342 28.4129 10.2082C30.0999 12.733 30.8593 15.7646 30.5616 18.7866C30.264 21.8085 28.9277 24.6337 26.7806 26.7808\" stroke=\"#E48225\" stroke-width=\"2\" stroke-linecap=\"round\"><\/path>\n<path d=\"M23.3334 14.583L18.0863 20.8801C17.1311 22.0263 16.6527 22.6009 16.0096 22.6301C15.3665 22.6593 14.8386 22.1299 13.7827 21.074L11.6667 18.958\" stroke=\"#E48225\" stroke-width=\"2\" stroke-linecap=\"round\"><\/path>\n<\/svg><\/div><\/div><\/div>\n\n\n\n<p><strong>Douce mais puissante<\/strong> : Parfaite pour les surfaces d&eacute;licates qui ne supportent pas une forte pression.<\/p>\n<\/div>\n\n\n\n<div style=\"height:20px\" aria-hidden=\"true\" class=\"wp-block-spacer\"><\/div>\n\n\n\n<div class=\"wp-block-group is-nowrap is-layout-flex wp-container-core-group-is-layout-ad2f72ca wp-block-group-is-layout-flex\"><div style=\"--ub-icon-rotation:rotate(0deg);--ub-icon-size:40px;--ub-icon-color:#ffffff00;--ub-icon-justification:left;--ub-icon-border-top:  undefined;--ub-icon-border-right:  undefined;--ub-icon-border-bottom:  undefined;--ub-icon-border-left:  undefined\" class=\"wp-block-ub-icon\" id=\"ub-icon-\"><div class=\"ub_icon\"><div class=\"ub_icon_wrapper\"><svg width=\"35\" height=\"35\" viewbox=\"0 0 35 35\" fill=\"none\" xmlns=\"http:\/\/www.w3.org\/2000\/svg\">\n<path d=\"M17.4997 30.625C14.4632 30.625 11.5206 29.5721 9.17336 27.6457C6.8261 25.7193 5.2194 23.0387 4.62703 20.0605C4.03465 17.0823 4.49325 13.9908 5.92469 11.3128C7.35612 8.63486 9.67182 6.53606 12.4772 5.37405C15.2826 4.21204 18.4042 4.05871 21.3099 4.94019C24.2157 5.82167 26.726 7.68342 28.4129 10.2082C30.0999 12.733 30.8593 15.7646 30.5616 18.7866C30.264 21.8085 28.9277 24.6337 26.7806 26.7808\" stroke=\"#E48225\" stroke-width=\"2\" stroke-linecap=\"round\"><\/path>\n<path d=\"M23.3334 14.583L18.0863 20.8801C17.1311 22.0263 16.6527 22.6009 16.0096 22.6301C15.3665 22.6593 14.8386 22.1299 13.7827 21.074L11.6667 18.958\" stroke=\"#E48225\" stroke-width=\"2\" stroke-linecap=\"round\"><\/path>\n<\/svg><\/div><\/div><\/div>\n\n\n\n<p><strong>Nettoyage en profondeur<\/strong> : &Eacute;limine la moisissure, la mousse et les algues jusqu&rsquo;au c&oelig;ur, les gardant &agrave; distance plus longtemps.<\/p>\n<\/div>\n\n\n\n<div style=\"height:20px\" aria-hidden=\"true\" class=\"wp-block-spacer\"><\/div>\n\n\n\n<div class=\"wp-block-group is-nowrap is-layout-flex wp-container-core-group-is-layout-ad2f72ca wp-block-group-is-layout-flex\"><div style=\"--ub-icon-rotation:rotate(0deg);--ub-icon-size:40px;--ub-icon-color:#ffffff00;--ub-icon-justification:left;--ub-icon-border-top:  undefined;--ub-icon-border-right:  undefined;--ub-icon-border-bottom:  undefined;--ub-icon-border-left:  undefined\" class=\"wp-block-ub-icon\" id=\"ub-icon-\"><div class=\"ub_icon\"><div class=\"ub_icon_wrapper\"><svg width=\"35\" height=\"35\" viewbox=\"0 0 35 35\" fill=\"none\" xmlns=\"http:\/\/www.w3.org\/2000\/svg\">\n<path d=\"M17.4997 30.625C14.4632 30.625 11.5206 29.5721 9.17336 27.6457C6.8261 25.7193 5.2194 23.0387 4.62703 20.0605C4.03465 17.0823 4.49325 13.9908 5.92469 11.3128C7.35612 8.63486 9.67182 6.53606 12.4772 5.37405C15.2826 4.21204 18.4042 4.05871 21.3099 4.94019C24.2157 5.82167 26.726 7.68342 28.4129 10.2082C30.0999 12.733 30.8593 15.7646 30.5616 18.7866C30.264 21.8085 28.9277 24.6337 26.7806 26.7808\" stroke=\"#E48225\" stroke-width=\"2\" stroke-linecap=\"round\"><\/path>\n<path d=\"M23.3334 14.583L18.0863 20.8801C17.1311 22.0263 16.6527 22.6009 16.0096 22.6301C15.3665 22.6593 14.8386 22.1299 13.7827 21.074L11.6667 18.958\" stroke=\"#E48225\" stroke-width=\"2\" stroke-linecap=\"round\"><\/path>\n<\/svg><\/div><\/div><\/div>\n\n\n\n<p><strong>R&eacute;sultat durable<\/strong> : Un post-traitement, comme l&rsquo;enceinte, prot&egrave;ge votre mat&eacute;riau et prolonge sa dur&eacute;e de vie.<\/p>\n<\/div>\n\n\n\n<div style=\"height:20px\" aria-hidden=\"true\" class=\"wp-block-spacer\"><\/div>\n\n\n\n<div class=\"wp-block-group is-nowrap is-layout-flex wp-container-core-group-is-layout-ad2f72ca wp-block-group-is-layout-flex\"><div style=\"--ub-icon-rotation:rotate(0deg);--ub-icon-size:40px;--ub-icon-color:#ffffff00;--ub-icon-justification:left;--ub-icon-border-top:  undefined;--ub-icon-border-right:  undefined;--ub-icon-border-bottom:  undefined;--ub-icon-border-left:  undefined\" class=\"wp-block-ub-icon\" id=\"ub-icon-\"><div class=\"ub_icon\"><div class=\"ub_icon_wrapper\"><svg width=\"35\" height=\"35\" viewbox=\"0 0 35 35\" fill=\"none\" xmlns=\"http:\/\/www.w3.org\/2000\/svg\">\n<path d=\"M17.4997 30.625C14.4632 30.625 11.5206 29.5721 9.17336 27.6457C6.8261 25.7193 5.2194 23.0387 4.62703 20.0605C4.03465 17.0823 4.49325 13.9908 5.92469 11.3128C7.35612 8.63486 9.67182 6.53606 12.4772 5.37405C15.2826 4.21204 18.4042 4.05871 21.3099 4.94019C24.2157 5.82167 26.726 7.68342 28.4129 10.2082C30.0999 12.733 30.8593 15.7646 30.5616 18.7866C30.264 21.8085 28.9277 24.6337 26.7806 26.7808\" stroke=\"#E48225\" stroke-width=\"2\" stroke-linecap=\"round\"><\/path>\n<path d=\"M23.3334 14.583L18.0863 20.8801C17.1311 22.0263 16.6527 22.6009 16.0096 22.6301C15.3665 22.6593 14.8386 22.1299 13.7827 21.074L11.6667 18.958\" stroke=\"#E48225\" stroke-width=\"2\" stroke-linecap=\"round\"><\/path>\n<\/svg><\/div><\/div><\/div>\n\n\n\n<p><strong>Respectueux de l&rsquo;environnement<\/strong> : des produits biod&eacute;gradables sont utilis&eacute;s.<\/p>\n<\/div>\n\n\n\n<div style=\"height:40px\" aria-hidden=\"true\" class=\"wp-block-spacer d-lg-none\"><\/div>\n\n\n\n<figure class=\"wp-block-image size-full d-lg-none\"><img decoding=\"async\" width=\"3000\" height=\"4000\" src=\"https:\/\/www.mservices1800.be\/wp-content\/uploads\/2026\/02\/shutterstock_2681335351.jpg\" alt=\"\" class=\"wp-image-436\" style=\"aspect-ratio:4\/3;object-fit:cover\"><\/figure>\n<\/div>\n<\/div><\/div>\n\n<div class=\"wp-block-madeit-block-content container\" style=\"margin-top:100px;margin-bottom:100px\"><div class=\"row\">\n<div class=\"wp-block-madeit-block-content-column col-12 col-lg-12\">\n<div class=\"wp-block-cover is-light\"><img decoding=\"async\" width=\"4080\" height=\"3060\" class=\"wp-block-cover__image-background wp-image-79 size-full\" alt=\"\" src=\"https:\/\/www.mservices1800.be\/wp-content\/uploads\/2026\/01\/softwash-voor-2.jpg\" data-object-fit=\"cover\"><span aria-hidden=\"true\" class=\"wp-block-cover__background has-primary-background-color has-background-dim-90 has-background-dim\"><\/span><div class=\"wp-block-cover__inner-container is-layout-constrained wp-block-cover-is-layout-constrained\">\n<h2 class=\"wp-block-heading has-text-align-center\"><strong>Demandez votre devis d&egrave;s aujourd&rsquo;hui<\/strong><\/h2>\n\n\n\n<div style=\"height:20px\" aria-hidden=\"true\" class=\"wp-block-spacer\"><\/div>\n\n\n\n<p class=\"has-text-align-center\">Vous &ecirc;tes curieux de savoir ce que nous pouvons faire pour vous ? C&rsquo;est plus facile que tu ne le penses. Remplissez notre formulaire de contact ou appelez-nous. Vous recevrez un devis sur mesure sans obligation en un rien de temps. Transparent, clair et sans surprises.    <\/p>\n\n\n\n<div style=\"height:30px\" aria-hidden=\"true\" class=\"wp-block-spacer\"><\/div>\n\n\n\n<div class=\"wp-block-buttons is-content-justification-center is-layout-flex wp-container-core-buttons-is-layout-16018d1d wp-block-buttons-is-layout-flex\">\n<div class=\"wp-block-button\"><a class=\"wp-block-button__link wp-element-button\" href=\"https:\/\/www.mservices1800.be\/fr\/demandez-votre-devis\/\">Demandez votre devis<\/a><\/div>\n<\/div>\n<\/div><\/div>\n<\/div>\n<\/div><\/div>\n\n","protected":false},"excerpt":{"rendered":"","protected":false},"author":1,"featured_media":0,"parent":475,"menu_order":0,"comment_status":"closed","ping_status":"closed","template":"","meta":{"_acf_changed":false,"footnotes":""},"class_list":["post-497","page","type-page","status-publish","hentry"],"acf":[],"featured_image_src":null,"yoast_head":"<!-- This site is optimized with the Yoast SEO plugin v27.2 - https:\/\/yoast.com\/product\/yoast-seo-wordpress\/ -->\n<title>Fa\u00e7ades et toits softwash<\/title>\n<meta name=\"description\" content=\"Lavage professionnel en douceur pour fa\u00e7ades et toitures \u00e0 Vilvoorde et dans les environs. Un nettoyage doux et respectueux de l\u2019environnement sans dommage. Demandez votre devis sans obligation.\" \/>\n<meta name=\"robots\" content=\"index, follow, max-snippet:-1, max-image-preview:large, max-video-preview:-1\" \/>\n<link rel=\"canonical\" href=\"https:\/\/www.mservices1800.be\/fr\/services\/softwash\/\" \/>\n<meta property=\"og:locale\" content=\"fr_FR\" \/>\n<meta property=\"og:type\" content=\"article\" \/>\n<meta property=\"og:title\" content=\"Fa\u00e7ades et toits softwash\" \/>\n<meta property=\"og:description\" content=\"Lavage professionnel en douceur pour fa\u00e7ades et toitures \u00e0 Vilvoorde et dans les environs. Un nettoyage doux et respectueux de l\u2019environnement sans dommage. Demandez votre devis sans obligation.\" \/>\n<meta property=\"og:url\" content=\"https:\/\/www.mservices1800.be\/fr\/services\/softwash\/\" \/>\n<meta property=\"og:site_name\" content=\"MServiceS\" \/>\n<meta property=\"article:modified_time\" content=\"2026-02-10T11:43:52+00:00\" \/>\n<meta property=\"og:image\" content=\"https:\/\/www.mservices1800.be\/wp-content\/uploads\/2026\/01\/softwash-na-2.jpg\" \/>\n\t<meta property=\"og:image:width\" content=\"740\" \/>\n\t<meta property=\"og:image:height\" content=\"555\" \/>\n\t<meta property=\"og:image:type\" content=\"image\/jpeg\" \/>\n<meta name=\"twitter:card\" content=\"summary_large_image\" \/>\n<meta name=\"twitter:label1\" content=\"Dur\u00e9e de lecture estim\u00e9e\" \/>\n\t<meta name=\"twitter:data1\" content=\"2 minutes\" \/>\n<script type=\"application\/ld+json\" class=\"yoast-schema-graph\">{\"@context\":\"https:\/\/schema.org\",\"@graph\":[{\"@type\":\"WebPage\",\"@id\":\"https:\/\/www.mservices1800.be\/fr\/services\/softwash\/\",\"url\":\"https:\/\/www.mservices1800.be\/fr\/services\/softwash\/\",\"name\":\"Fa\u00e7ades et toits softwash\",\"isPartOf\":{\"@id\":\"https:\/\/mservices1800.be\/#website\"},\"primaryImageOfPage\":{\"@id\":\"https:\/\/www.mservices1800.be\/fr\/services\/softwash\/#primaryimage\"},\"image\":{\"@id\":\"https:\/\/www.mservices1800.be\/fr\/services\/softwash\/#primaryimage\"},\"thumbnailUrl\":\"https:\/\/www.mservices1800.be\/wp-content\/uploads\/2026\/01\/softwash-na-2.jpg\",\"datePublished\":\"2026-01-21T10:37:44+00:00\",\"dateModified\":\"2026-02-10T11:43:52+00:00\",\"description\":\"Lavage professionnel en douceur pour fa\u00e7ades et toitures \u00e0 Vilvoorde et dans les environs. Un nettoyage doux et respectueux de l\u2019environnement sans dommage. Demandez votre devis sans obligation.\",\"breadcrumb\":{\"@id\":\"https:\/\/www.mservices1800.be\/fr\/services\/softwash\/#breadcrumb\"},\"inLanguage\":\"fr-FR\",\"potentialAction\":[{\"@type\":\"ReadAction\",\"target\":[\"https:\/\/www.mservices1800.be\/fr\/services\/softwash\/\"]}]},{\"@type\":\"ImageObject\",\"inLanguage\":\"fr-FR\",\"@id\":\"https:\/\/www.mservices1800.be\/fr\/services\/softwash\/#primaryimage\",\"url\":\"https:\/\/www.mservices1800.be\/wp-content\/uploads\/2026\/01\/softwash-na-2.jpg\",\"contentUrl\":\"https:\/\/www.mservices1800.be\/wp-content\/uploads\/2026\/01\/softwash-na-2.jpg\"},{\"@type\":\"BreadcrumbList\",\"@id\":\"https:\/\/www.mservices1800.be\/fr\/services\/softwash\/#breadcrumb\",\"itemListElement\":[{\"@type\":\"ListItem\",\"position\":1,\"name\":\"Home\",\"item\":\"https:\/\/www.mservices1800.be\/fr\/accueil\/\"},{\"@type\":\"ListItem\",\"position\":2,\"name\":\"Services\",\"item\":\"https:\/\/www.mservices1800.be\/fr\/services\/\"},{\"@type\":\"ListItem\",\"position\":3,\"name\":\"Softwash\"}]},{\"@type\":\"WebSite\",\"@id\":\"https:\/\/mservices1800.be\/#website\",\"url\":\"https:\/\/mservices1800.be\/\",\"name\":\"MServiceS\",\"description\":\"At your service for your outdoor surface\",\"publisher\":{\"@id\":\"https:\/\/mservices1800.be\/#organization\"},\"potentialAction\":[{\"@type\":\"SearchAction\",\"target\":{\"@type\":\"EntryPoint\",\"urlTemplate\":\"https:\/\/mservices1800.be\/?s={search_term_string}\"},\"query-input\":{\"@type\":\"PropertyValueSpecification\",\"valueRequired\":true,\"valueName\":\"search_term_string\"}}],\"inLanguage\":\"fr-FR\"},{\"@type\":\"Organization\",\"@id\":\"https:\/\/mservices1800.be\/#organization\",\"name\":\"MServiceS\",\"url\":\"https:\/\/mservices1800.be\/\",\"logo\":{\"@type\":\"ImageObject\",\"inLanguage\":\"fr-FR\",\"@id\":\"https:\/\/mservices1800.be\/#\/schema\/logo\/image\/\",\"url\":\"https:\/\/www.mservices1800.be\/wp-content\/uploads\/2026\/01\/mservice-logo.png\",\"contentUrl\":\"https:\/\/www.mservices1800.be\/wp-content\/uploads\/2026\/01\/mservice-logo.png\",\"width\":2560,\"height\":926,\"caption\":\"MServiceS\"},\"image\":{\"@id\":\"https:\/\/mservices1800.be\/#\/schema\/logo\/image\/\"}}]}<\/script>\n<!-- \/ Yoast SEO plugin. -->","yoast_head_json":{"title":"Fa\u00e7ades et toits softwash","description":"Lavage professionnel en douceur pour fa\u00e7ades et toitures \u00e0 Vilvoorde et dans les environs. Un nettoyage doux et respectueux de l\u2019environnement sans dommage. Demandez votre devis sans obligation.","robots":{"index":"index","follow":"follow","max-snippet":"max-snippet:-1","max-image-preview":"max-image-preview:large","max-video-preview":"max-video-preview:-1"},"canonical":"https:\/\/www.mservices1800.be\/fr\/services\/softwash\/","og_locale":"fr_FR","og_type":"article","og_title":"Fa\u00e7ades et toits softwash","og_description":"Lavage professionnel en douceur pour fa\u00e7ades et toitures \u00e0 Vilvoorde et dans les environs. Un nettoyage doux et respectueux de l\u2019environnement sans dommage. Demandez votre devis sans obligation.","og_url":"https:\/\/www.mservices1800.be\/fr\/services\/softwash\/","og_site_name":"MServiceS","article_modified_time":"2026-02-10T11:43:52+00:00","og_image":[{"url":"https:\/\/www.mservices1800.be\/wp-content\/uploads\/2026\/01\/softwash-na-2.jpg","width":740,"height":555,"type":"image\/jpeg"}],"twitter_card":"summary_large_image","twitter_misc":{"Dur\u00e9e de lecture estim\u00e9e":"2 minutes"},"schema":{"@context":"https:\/\/schema.org","@graph":[{"@type":"WebPage","@id":"https:\/\/www.mservices1800.be\/fr\/services\/softwash\/","url":"https:\/\/www.mservices1800.be\/fr\/services\/softwash\/","name":"Fa\u00e7ades et toits softwash","isPartOf":{"@id":"https:\/\/mservices1800.be\/#website"},"primaryImageOfPage":{"@id":"https:\/\/www.mservices1800.be\/fr\/services\/softwash\/#primaryimage"},"image":{"@id":"https:\/\/www.mservices1800.be\/fr\/services\/softwash\/#primaryimage"},"thumbnailUrl":"https:\/\/www.mservices1800.be\/wp-content\/uploads\/2026\/01\/softwash-na-2.jpg","datePublished":"2026-01-21T10:37:44+00:00","dateModified":"2026-02-10T11:43:52+00:00","description":"Lavage professionnel en douceur pour fa\u00e7ades et toitures \u00e0 Vilvoorde et dans les environs. Un nettoyage doux et respectueux de l\u2019environnement sans dommage. Demandez votre devis sans obligation.","breadcrumb":{"@id":"https:\/\/www.mservices1800.be\/fr\/services\/softwash\/#breadcrumb"},"inLanguage":"fr-FR","potentialAction":[{"@type":"ReadAction","target":["https:\/\/www.mservices1800.be\/fr\/services\/softwash\/"]}]},{"@type":"ImageObject","inLanguage":"fr-FR","@id":"https:\/\/www.mservices1800.be\/fr\/services\/softwash\/#primaryimage","url":"https:\/\/www.mservices1800.be\/wp-content\/uploads\/2026\/01\/softwash-na-2.jpg","contentUrl":"https:\/\/www.mservices1800.be\/wp-content\/uploads\/2026\/01\/softwash-na-2.jpg"},{"@type":"BreadcrumbList","@id":"https:\/\/www.mservices1800.be\/fr\/services\/softwash\/#breadcrumb","itemListElement":[{"@type":"ListItem","position":1,"name":"Home","item":"https:\/\/www.mservices1800.be\/fr\/accueil\/"},{"@type":"ListItem","position":2,"name":"Services","item":"https:\/\/www.mservices1800.be\/fr\/services\/"},{"@type":"ListItem","position":3,"name":"Softwash"}]},{"@type":"WebSite","@id":"https:\/\/mservices1800.be\/#website","url":"https:\/\/mservices1800.be\/","name":"MServiceS","description":"At your service for your outdoor surface","publisher":{"@id":"https:\/\/mservices1800.be\/#organization"},"potentialAction":[{"@type":"SearchAction","target":{"@type":"EntryPoint","urlTemplate":"https:\/\/mservices1800.be\/?s={search_term_string}"},"query-input":{"@type":"PropertyValueSpecification","valueRequired":true,"valueName":"search_term_string"}}],"inLanguage":"fr-FR"},{"@type":"Organization","@id":"https:\/\/mservices1800.be\/#organization","name":"MServiceS","url":"https:\/\/mservices1800.be\/","logo":{"@type":"ImageObject","inLanguage":"fr-FR","@id":"https:\/\/mservices1800.be\/#\/schema\/logo\/image\/","url":"https:\/\/www.mservices1800.be\/wp-content\/uploads\/2026\/01\/mservice-logo.png","contentUrl":"https:\/\/www.mservices1800.be\/wp-content\/uploads\/2026\/01\/mservice-logo.png","width":2560,"height":926,"caption":"MServiceS"},"image":{"@id":"https:\/\/mservices1800.be\/#\/schema\/logo\/image\/"}}]}},"_links":{"self":[{"href":"https:\/\/www.mservices1800.be\/fr\/wp-json\/wp\/v2\/pages\/497","targetHints":{"allow":["GET"]}}],"collection":[{"href":"https:\/\/www.mservices1800.be\/fr\/wp-json\/wp\/v2\/pages"}],"about":[{"href":"https:\/\/www.mservices1800.be\/fr\/wp-json\/wp\/v2\/types\/page"}],"author":[{"embeddable":true,"href":"https:\/\/www.mservices1800.be\/fr\/wp-json\/wp\/v2\/users\/1"}],"replies":[{"embeddable":true,"href":"https:\/\/www.mservices1800.be\/fr\/wp-json\/wp\/v2\/comments?post=497"}],"version-history":[{"count":3,"href":"https:\/\/www.mservices1800.be\/fr\/wp-json\/wp\/v2\/pages\/497\/revisions"}],"predecessor-version":[{"id":549,"href":"https:\/\/www.mservices1800.be\/fr\/wp-json\/wp\/v2\/pages\/497\/revisions\/549"}],"up":[{"embeddable":true,"href":"https:\/\/www.mservices1800.be\/fr\/wp-json\/wp\/v2\/pages\/475"}],"wp:attachment":[{"href":"https:\/\/www.mservices1800.be\/fr\/wp-json\/wp\/v2\/media?parent=497"}],"curies":[{"name":"wp","href":"https:\/\/api.w.org\/{rel}","templated":true}]}}