{"id":528,"date":"2026-01-22T13:08:48","date_gmt":"2026-01-22T13:08:48","guid":{"rendered":"https:\/\/www.mservices1800.be\/realisations\/"},"modified":"2026-02-10T11:04:31","modified_gmt":"2026-02-10T11:04:31","slug":"realisations","status":"publish","type":"page","link":"https:\/\/www.mservices1800.be\/fr\/realisations\/","title":{"rendered":"R\u00e9alisations"},"content":{"rendered":"\n<div class=\"wp-block-madeit-block-content container\" style=\"margin-top:200px;margin-bottom:100px\"><div class=\"row\">\n<div class=\"wp-block-madeit-block-content-column col-12 col-lg-12\">\n<h1 class=\"wp-block-heading mb-0 is-style-default\" style=\"text-transform:uppercase\">R&eacute;alisations<\/h1>\n\n\n\n<div style=\"height:40px\" aria-hidden=\"true\" class=\"wp-block-spacer\"><\/div>\n\n\n\n<div class=\"wp-block-group is-content-justification-left is-layout-constrained wp-container-core-group-is-layout-a6737e7d wp-block-group-is-layout-constrained\">\n<p>Sur cette page, vous trouverez une s&eacute;lection de travaux de nettoyage r&eacute;alis&eacute;s par MServiceS. Des all&eacute;es et terrasses aux fa&ccedil;ades, fen&ecirc;tres et panneaux solaires : nous r&eacute;alisons chaque projet avec le m&ecirc;me soin et la m&ecirc;me attention aux d&eacute;tails. Ces prises de conscience ne montrent pas seulement le r&eacute;sultat final, mais aussi notre fa&ccedil;on de travailler et la qualit&eacute; que vous pouvez attendre de nous.<\/p>\n<\/div>\n<\/div>\n<\/div><\/div>\n\n<div class=\"wp-block-madeit-block-content container\"><div class=\"row\">\n<div class=\"wp-block-madeit-block-content-column col-12 col-lg-12\">\n<figure class=\"wp-block-gallery has-nested-images columns-4 is-cropped is-style-flexi-grid wp-block-gallery-1 is-layout-flex wp-block-gallery-is-layout-flex\">\n<figure class=\"wp-block-image size-large do-lightbox\"><img decoding=\"async\" width=\"4080\" height=\"3060\" data-id=\"80\" src=\"https:\/\/www.mservices1800.be\/wp-content\/uploads\/2026\/01\/hogedruk-voor-terras-2.jpg\" alt=\"\" class=\"wp-image-80\"><\/figure>\n\n\n\n<figure class=\"wp-block-image size-large do-lightbox\"><img decoding=\"async\" width=\"4080\" height=\"3060\" data-id=\"73\" src=\"https:\/\/www.mservices1800.be\/wp-content\/uploads\/2026\/01\/hogedruk-na-terras-3.jpg\" alt=\"\" class=\"wp-image-73\"><\/figure>\n\n\n\n<figure class=\"wp-block-image size-large do-lightbox\"><img decoding=\"async\" width=\"4080\" height=\"3060\" data-id=\"72\" src=\"https:\/\/www.mservices1800.be\/wp-content\/uploads\/2026\/01\/hogedruk-na-terras-2.jpg\" alt=\"\" class=\"wp-image-72\"><\/figure>\n\n\n\n<figure class=\"wp-block-image size-large do-lightbox\"><img decoding=\"async\" width=\"4624\" height=\"3468\" data-id=\"71\" src=\"https:\/\/www.mservices1800.be\/wp-content\/uploads\/2026\/01\/hogedruk-na-terras-1.jpg\" alt=\"\" class=\"wp-image-71\"><\/figure>\n\n\n\n<figure class=\"wp-block-image size-large do-lightbox\"><img decoding=\"async\" width=\"4080\" height=\"3060\" data-id=\"78\" src=\"https:\/\/www.mservices1800.be\/wp-content\/uploads\/2026\/01\/softwash-na-2.jpg\" alt=\"\" class=\"wp-image-78\"><\/figure>\n\n\n\n<figure class=\"wp-block-image size-large do-lightbox\"><img decoding=\"async\" width=\"4080\" height=\"3060\" data-id=\"76\" src=\"https:\/\/www.mservices1800.be\/wp-content\/uploads\/2026\/01\/softwash-1-na.jpg\" alt=\"\" class=\"wp-image-76\"><\/figure>\n\n\n\n<figure class=\"wp-block-image size-large do-lightbox\"><img decoding=\"async\" width=\"4624\" height=\"3468\" data-id=\"74\" src=\"https:\/\/www.mservices1800.be\/wp-content\/uploads\/2026\/01\/hogedruk-voor-terras-1.jpg\" alt=\"\" class=\"wp-image-74\"><\/figure>\n\n\n\n<figure class=\"wp-block-image size-large do-lightbox\"><img decoding=\"async\" width=\"4080\" height=\"3060\" data-id=\"75\" src=\"https:\/\/www.mservices1800.be\/wp-content\/uploads\/2026\/01\/zonnepaneel-na.jpg\" alt=\"\" class=\"wp-image-75\"><\/figure>\n<\/figure>\n<\/div>\n<\/div><\/div>\n\n","protected":false},"excerpt":{"rendered":"","protected":false},"author":1,"featured_media":0,"parent":0,"menu_order":0,"comment_status":"closed","ping_status":"closed","template":"","meta":{"_acf_changed":false,"footnotes":""},"class_list":["post-528","page","type-page","status-publish","hentry"],"acf":[],"featured_image_src":null,"yoast_head":"<!-- This site is optimized with the Yoast SEO plugin v27.2 - https:\/\/yoast.com\/product\/yoast-seo-wordpress\/ -->\n<title>R\u00e9alisations nettoyage ext\u00e9rieur \u00e0 Vilvoorde<\/title>\n<meta name=\"description\" content=\"Consultez les r\u00e9alisations du nettoyage professionnel d\u2019ext\u00e9rieur par MServiceS \u00e0 Vilvoorde et dans les environs. All\u00e9es, fa\u00e7ades, fen\u00eatres et panneaux solaires avec des r\u00e9sultats visibles.\" \/>\n<meta name=\"robots\" content=\"index, follow, max-snippet:-1, max-image-preview:large, max-video-preview:-1\" \/>\n<link rel=\"canonical\" href=\"https:\/\/www.mservices1800.be\/fr\/realisations\/\" \/>\n<meta property=\"og:locale\" content=\"fr_FR\" \/>\n<meta property=\"og:type\" content=\"article\" \/>\n<meta property=\"og:title\" content=\"R\u00e9alisations nettoyage ext\u00e9rieur \u00e0 Vilvoorde\" \/>\n<meta property=\"og:description\" content=\"Consultez les r\u00e9alisations du nettoyage professionnel d\u2019ext\u00e9rieur par MServiceS \u00e0 Vilvoorde et dans les environs. All\u00e9es, fa\u00e7ades, fen\u00eatres et panneaux solaires avec des r\u00e9sultats visibles.\" \/>\n<meta property=\"og:url\" content=\"https:\/\/www.mservices1800.be\/fr\/realisations\/\" \/>\n<meta property=\"og:site_name\" content=\"MServiceS\" \/>\n<meta property=\"article:modified_time\" content=\"2026-02-10T11:04:31+00:00\" \/>\n<meta property=\"og:image\" content=\"https:\/\/www.mservices1800.be\/wp-content\/uploads\/2026\/01\/hogedruk-voor-terras-2.jpg\" \/>\n\t<meta property=\"og:image:width\" content=\"740\" \/>\n\t<meta property=\"og:image:height\" content=\"555\" \/>\n\t<meta property=\"og:image:type\" content=\"image\/jpeg\" \/>\n<meta name=\"twitter:card\" content=\"summary_large_image\" \/>\n<script type=\"application\/ld+json\" class=\"yoast-schema-graph\">{\"@context\":\"https:\/\/schema.org\",\"@graph\":[{\"@type\":\"WebPage\",\"@id\":\"https:\/\/www.mservices1800.be\/fr\/realisations\/\",\"url\":\"https:\/\/www.mservices1800.be\/fr\/realisations\/\",\"name\":\"R\u00e9alisations nettoyage ext\u00e9rieur \u00e0 Vilvoorde\",\"isPartOf\":{\"@id\":\"https:\/\/mservices1800.be\/#website\"},\"primaryImageOfPage\":{\"@id\":\"https:\/\/www.mservices1800.be\/fr\/realisations\/#primaryimage\"},\"image\":{\"@id\":\"https:\/\/www.mservices1800.be\/fr\/realisations\/#primaryimage\"},\"thumbnailUrl\":\"https:\/\/www.mservices1800.be\/wp-content\/uploads\/2026\/01\/hogedruk-voor-terras-2.jpg\",\"datePublished\":\"2026-01-22T13:08:48+00:00\",\"dateModified\":\"2026-02-10T11:04:31+00:00\",\"description\":\"Consultez les r\u00e9alisations du nettoyage professionnel d\u2019ext\u00e9rieur par MServiceS \u00e0 Vilvoorde et dans les environs. All\u00e9es, fa\u00e7ades, fen\u00eatres et panneaux solaires avec des r\u00e9sultats visibles.\",\"breadcrumb\":{\"@id\":\"https:\/\/www.mservices1800.be\/fr\/realisations\/#breadcrumb\"},\"inLanguage\":\"fr-FR\",\"potentialAction\":[{\"@type\":\"ReadAction\",\"target\":[\"https:\/\/www.mservices1800.be\/fr\/realisations\/\"]}]},{\"@type\":\"ImageObject\",\"inLanguage\":\"fr-FR\",\"@id\":\"https:\/\/www.mservices1800.be\/fr\/realisations\/#primaryimage\",\"url\":\"https:\/\/www.mservices1800.be\/wp-content\/uploads\/2026\/01\/hogedruk-voor-terras-2.jpg\",\"contentUrl\":\"https:\/\/www.mservices1800.be\/wp-content\/uploads\/2026\/01\/hogedruk-voor-terras-2.jpg\"},{\"@type\":\"BreadcrumbList\",\"@id\":\"https:\/\/www.mservices1800.be\/fr\/realisations\/#breadcrumb\",\"itemListElement\":[{\"@type\":\"ListItem\",\"position\":1,\"name\":\"Home\",\"item\":\"https:\/\/www.mservices1800.be\/fr\/accueil\/\"},{\"@type\":\"ListItem\",\"position\":2,\"name\":\"R\u00e9alisations\"}]},{\"@type\":\"WebSite\",\"@id\":\"https:\/\/mservices1800.be\/#website\",\"url\":\"https:\/\/mservices1800.be\/\",\"name\":\"MServiceS\",\"description\":\"At your service for your outdoor surface\",\"publisher\":{\"@id\":\"https:\/\/mservices1800.be\/#organization\"},\"potentialAction\":[{\"@type\":\"SearchAction\",\"target\":{\"@type\":\"EntryPoint\",\"urlTemplate\":\"https:\/\/mservices1800.be\/?s={search_term_string}\"},\"query-input\":{\"@type\":\"PropertyValueSpecification\",\"valueRequired\":true,\"valueName\":\"search_term_string\"}}],\"inLanguage\":\"fr-FR\"},{\"@type\":\"Organization\",\"@id\":\"https:\/\/mservices1800.be\/#organization\",\"name\":\"MServiceS\",\"url\":\"https:\/\/mservices1800.be\/\",\"logo\":{\"@type\":\"ImageObject\",\"inLanguage\":\"fr-FR\",\"@id\":\"https:\/\/mservices1800.be\/#\/schema\/logo\/image\/\",\"url\":\"https:\/\/www.mservices1800.be\/wp-content\/uploads\/2026\/01\/mservice-logo.png\",\"contentUrl\":\"https:\/\/www.mservices1800.be\/wp-content\/uploads\/2026\/01\/mservice-logo.png\",\"width\":2560,\"height\":926,\"caption\":\"MServiceS\"},\"image\":{\"@id\":\"https:\/\/mservices1800.be\/#\/schema\/logo\/image\/\"}}]}<\/script>\n<!-- \/ Yoast SEO plugin. -->","yoast_head_json":{"title":"R\u00e9alisations nettoyage ext\u00e9rieur \u00e0 Vilvoorde","description":"Consultez les r\u00e9alisations du nettoyage professionnel d\u2019ext\u00e9rieur par MServiceS \u00e0 Vilvoorde et dans les environs. All\u00e9es, fa\u00e7ades, fen\u00eatres et panneaux solaires avec des r\u00e9sultats visibles.","robots":{"index":"index","follow":"follow","max-snippet":"max-snippet:-1","max-image-preview":"max-image-preview:large","max-video-preview":"max-video-preview:-1"},"canonical":"https:\/\/www.mservices1800.be\/fr\/realisations\/","og_locale":"fr_FR","og_type":"article","og_title":"R\u00e9alisations nettoyage ext\u00e9rieur \u00e0 Vilvoorde","og_description":"Consultez les r\u00e9alisations du nettoyage professionnel d\u2019ext\u00e9rieur par MServiceS \u00e0 Vilvoorde et dans les environs. All\u00e9es, fa\u00e7ades, fen\u00eatres et panneaux solaires avec des r\u00e9sultats visibles.","og_url":"https:\/\/www.mservices1800.be\/fr\/realisations\/","og_site_name":"MServiceS","article_modified_time":"2026-02-10T11:04:31+00:00","og_image":[{"url":"https:\/\/www.mservices1800.be\/wp-content\/uploads\/2026\/01\/hogedruk-voor-terras-2.jpg","width":740,"height":555,"type":"image\/jpeg"}],"twitter_card":"summary_large_image","schema":{"@context":"https:\/\/schema.org","@graph":[{"@type":"WebPage","@id":"https:\/\/www.mservices1800.be\/fr\/realisations\/","url":"https:\/\/www.mservices1800.be\/fr\/realisations\/","name":"R\u00e9alisations nettoyage ext\u00e9rieur \u00e0 Vilvoorde","isPartOf":{"@id":"https:\/\/mservices1800.be\/#website"},"primaryImageOfPage":{"@id":"https:\/\/www.mservices1800.be\/fr\/realisations\/#primaryimage"},"image":{"@id":"https:\/\/www.mservices1800.be\/fr\/realisations\/#primaryimage"},"thumbnailUrl":"https:\/\/www.mservices1800.be\/wp-content\/uploads\/2026\/01\/hogedruk-voor-terras-2.jpg","datePublished":"2026-01-22T13:08:48+00:00","dateModified":"2026-02-10T11:04:31+00:00","description":"Consultez les r\u00e9alisations du nettoyage professionnel d\u2019ext\u00e9rieur par MServiceS \u00e0 Vilvoorde et dans les environs. All\u00e9es, fa\u00e7ades, fen\u00eatres et panneaux solaires avec des r\u00e9sultats visibles.","breadcrumb":{"@id":"https:\/\/www.mservices1800.be\/fr\/realisations\/#breadcrumb"},"inLanguage":"fr-FR","potentialAction":[{"@type":"ReadAction","target":["https:\/\/www.mservices1800.be\/fr\/realisations\/"]}]},{"@type":"ImageObject","inLanguage":"fr-FR","@id":"https:\/\/www.mservices1800.be\/fr\/realisations\/#primaryimage","url":"https:\/\/www.mservices1800.be\/wp-content\/uploads\/2026\/01\/hogedruk-voor-terras-2.jpg","contentUrl":"https:\/\/www.mservices1800.be\/wp-content\/uploads\/2026\/01\/hogedruk-voor-terras-2.jpg"},{"@type":"BreadcrumbList","@id":"https:\/\/www.mservices1800.be\/fr\/realisations\/#breadcrumb","itemListElement":[{"@type":"ListItem","position":1,"name":"Home","item":"https:\/\/www.mservices1800.be\/fr\/accueil\/"},{"@type":"ListItem","position":2,"name":"R\u00e9alisations"}]},{"@type":"WebSite","@id":"https:\/\/mservices1800.be\/#website","url":"https:\/\/mservices1800.be\/","name":"MServiceS","description":"At your service for your outdoor surface","publisher":{"@id":"https:\/\/mservices1800.be\/#organization"},"potentialAction":[{"@type":"SearchAction","target":{"@type":"EntryPoint","urlTemplate":"https:\/\/mservices1800.be\/?s={search_term_string}"},"query-input":{"@type":"PropertyValueSpecification","valueRequired":true,"valueName":"search_term_string"}}],"inLanguage":"fr-FR"},{"@type":"Organization","@id":"https:\/\/mservices1800.be\/#organization","name":"MServiceS","url":"https:\/\/mservices1800.be\/","logo":{"@type":"ImageObject","inLanguage":"fr-FR","@id":"https:\/\/mservices1800.be\/#\/schema\/logo\/image\/","url":"https:\/\/www.mservices1800.be\/wp-content\/uploads\/2026\/01\/mservice-logo.png","contentUrl":"https:\/\/www.mservices1800.be\/wp-content\/uploads\/2026\/01\/mservice-logo.png","width":2560,"height":926,"caption":"MServiceS"},"image":{"@id":"https:\/\/mservices1800.be\/#\/schema\/logo\/image\/"}}]}},"_links":{"self":[{"href":"https:\/\/www.mservices1800.be\/fr\/wp-json\/wp\/v2\/pages\/528","targetHints":{"allow":["GET"]}}],"collection":[{"href":"https:\/\/www.mservices1800.be\/fr\/wp-json\/wp\/v2\/pages"}],"about":[{"href":"https:\/\/www.mservices1800.be\/fr\/wp-json\/wp\/v2\/types\/page"}],"author":[{"embeddable":true,"href":"https:\/\/www.mservices1800.be\/fr\/wp-json\/wp\/v2\/users\/1"}],"replies":[{"embeddable":true,"href":"https:\/\/www.mservices1800.be\/fr\/wp-json\/wp\/v2\/comments?post=528"}],"version-history":[{"count":1,"href":"https:\/\/www.mservices1800.be\/fr\/wp-json\/wp\/v2\/pages\/528\/revisions"}],"predecessor-version":[{"id":529,"href":"https:\/\/www.mservices1800.be\/fr\/wp-json\/wp\/v2\/pages\/528\/revisions\/529"}],"wp:attachment":[{"href":"https:\/\/www.mservices1800.be\/fr\/wp-json\/wp\/v2\/media?parent=528"}],"curies":[{"name":"wp","href":"https:\/\/api.w.org\/{rel}","templated":true}]}}