{"id":530,"date":"2026-01-22T13:12:49","date_gmt":"2026-01-22T13:12:49","guid":{"rendered":"https:\/\/www.mservices1800.be\/questions-frequemment-posees\/"},"modified":"2026-02-10T11:05:14","modified_gmt":"2026-02-10T11:05:14","slug":"questions-frequemment-posees","status":"publish","type":"page","link":"https:\/\/www.mservices1800.be\/fr\/questions-frequemment-posees\/","title":{"rendered":"Questions fr\u00e9quemment pos\u00e9es"},"content":{"rendered":"\n<div class=\"wp-block-madeit-block-content container\" style=\"margin-top:200px;margin-bottom:100px\"><div class=\"row\">\n<div class=\"wp-block-madeit-block-content-column col-12 col-lg-12\">\n<h1 class=\"wp-block-heading mb-0 is-style-default\" style=\"text-transform:uppercase\">Questions fr&eacute;quemment pos&eacute;es<\/h1>\n\n\n\n<div style=\"height:40px\" aria-hidden=\"true\" class=\"wp-block-spacer\"><\/div>\n\n\n\n<div class=\"wp-block-group is-content-justification-left is-layout-constrained wp-container-core-group-is-layout-a6737e7d wp-block-group-is-layout-constrained\">\n<p>Avez-vous une question sur nos services de nettoyage ? Nous avons list&eacute; ci-dessous les questions les plus fr&eacute;quemment pos&eacute;es pour vous. Si votre question n&rsquo;est pas list&eacute;e, vous pouvez toujours nous contacter pour plus d&rsquo;informations.<\/p>\n<\/div>\n<\/div>\n<\/div><\/div>\n\n<div class=\"wp-block-madeit-block-content container\" style=\"margin-top:50px;margin-bottom:50px\"><div class=\"row\">\n<div class=\"wp-block-madeit-block-content-column col-12 col-lg-12\"><div class=\"wp-block-ub-content-toggle wp-block-ub-content-toggle-block\" id=\"ub-content-toggle-block-a5185db1-79fc-4d1c-b584-d9161d0a0c66\" data-mobilecollapse=\"false\" data-desktopcollapse=\"false\" data-preventcollapse=\"false\" data-showonlyone=\"true\">\n<div class=\"wp-block-ub-content-toggle-accordion\" style=\"border-color: #E48225; \" id=\"ub-content-toggle-panel-block-\">\n\t\t\t<div class=\"wp-block-ub-content-toggle-accordion-title-wrap\" style=\"background-color: #E48225;\" aria-controls=\"ub-content-toggle-panel-0-a5185db1-79fc-4d1c-b584-d9161d0a0c66\" tabindex=\"0\">\n\t\t\t<p class=\"wp-block-ub-content-toggle-accordion-title ub-content-toggle-title-a5185db1-79fc-4d1c-b584-d9161d0a0c66\" style=\"color: #120B1E; --ub-content-toggle-title-link-color: #120B1E; \"><strong>Wat houdt hogedrukreiniging precies in?<\/strong><\/p>\n\t\t\t<div class=\"wp-block-ub-content-toggle-accordion-toggle-wrap right\" style=\"color: #000000;\"><span class=\"wp-block-ub-content-toggle-accordion-state-indicator wp-block-ub-math-plus open\"><\/span><\/div>\n\t\t<\/div>\n\t\t\t<div role=\"region\" aria-expanded=\"true\" class=\"wp-block-ub-content-toggle-accordion-content-wrap\" id=\"ub-content-toggle-panel-0-a5185db1-79fc-4d1c-b584-d9161d0a0c66\">\n\n<p>Le nettoyage &agrave; haute pression est une m&eacute;thode puissante que nous utilisons pour d&eacute;sencombrer les all&eacute;es, les patios et les murs de sout&egrave;nement. Avec un puissant jet d&rsquo;eau, nous enlevons la terre tenace comme la mousse, les algues et les d&eacute;p&ocirc;ts noirs. Le r&eacute;sultat ? Une surface qui semble &agrave; nouveau neuve.<\/p>\n\n<\/div>\n\t\t<\/div>\n\n<div class=\"wp-block-ub-content-toggle-accordion\" style=\"border-color: #E48225; \" id=\"ub-content-toggle-panel-block-\">\n\t\t\t<div class=\"wp-block-ub-content-toggle-accordion-title-wrap\" style=\"background-color: #E48225;\" aria-controls=\"ub-content-toggle-panel-1-a5185db1-79fc-4d1c-b584-d9161d0a0c66\" tabindex=\"0\">\n\t\t\t<p class=\"wp-block-ub-content-toggle-accordion-title ub-content-toggle-title-a5185db1-79fc-4d1c-b584-d9161d0a0c66\" style=\"color: #120B1E; \"><strong>Wat is het verschil tussen hogedrukreiniging en softwash?<\/strong><\/p>\n\t\t\t<div class=\"wp-block-ub-content-toggle-accordion-toggle-wrap right\" style=\"color: #000000;\"><span class=\"wp-block-ub-content-toggle-accordion-state-indicator wp-block-ub-math-plus\"><\/span><\/div>\n\t\t<\/div>\n\t\t\t<div role=\"region\" aria-expanded=\"false\" class=\"wp-block-ub-content-toggle-accordion-content-wrap ub-hide\" id=\"ub-content-toggle-panel-1-a5185db1-79fc-4d1c-b584-d9161d0a0c66\">\n\n<p>Le nettoyeur haute pression utilise une forte pression d&rsquo;eau pour &eacute;liminer la salet&eacute;, la mousse et les algues tenaces sur les surfaces solides comme les all&eacute;es et les patios. Le softwash est une technique plus douce, id&eacute;ale pour les fa&ccedil;ades et les toits, &eacute;liminant la salet&eacute; et la moisissure sans risque de dommage.<\/p>\n\n<\/div>\n\t\t<\/div>\n\n<div class=\"wp-block-ub-content-toggle-accordion\" style=\"border-color: #E48225; \" id=\"ub-content-toggle-panel-block-\">\n\t\t\t<div class=\"wp-block-ub-content-toggle-accordion-title-wrap\" style=\"background-color: #E48225;\" aria-controls=\"ub-content-toggle-panel-2-a5185db1-79fc-4d1c-b584-d9161d0a0c66\" tabindex=\"0\">\n\t\t\t<p class=\"wp-block-ub-content-toggle-accordion-title ub-content-toggle-title-a5185db1-79fc-4d1c-b584-d9161d0a0c66\" style=\"color: #120B1E; \"><strong>Kunnen jullie ook gevels of daken impregneren?<\/strong><\/p>\n\t\t\t<div class=\"wp-block-ub-content-toggle-accordion-toggle-wrap right\" style=\"color: #000000;\"><span class=\"wp-block-ub-content-toggle-accordion-state-indicator wp-block-ub-math-plus\"><\/span><\/div>\n\t\t<\/div>\n\t\t\t<div role=\"region\" aria-expanded=\"false\" class=\"wp-block-ub-content-toggle-accordion-content-wrap ub-hide\" id=\"ub-content-toggle-panel-2-a5185db1-79fc-4d1c-b584-d9161d0a0c66\">\n\n<p>Oui, apr&egrave;s un nettoyage approfondi, nous pouvons impr&eacute;gner les fa&ccedil;ades ou les toits. Cela prot&egrave;ge la surface de l&rsquo;humidit&eacute;, de la salet&eacute; et de la nouvelle salet&eacute;, la maintenant propre plus longtemps et plus r&eacute;sistante aux intemp&eacute;ries.<\/p>\n\n<\/div>\n\t\t<\/div>\n\n<div class=\"wp-block-ub-content-toggle-accordion\" style=\"border-color: #E48225; \" id=\"ub-content-toggle-panel-block-\">\n\t\t\t<div class=\"wp-block-ub-content-toggle-accordion-title-wrap\" style=\"background-color: #E48225;\" aria-controls=\"ub-content-toggle-panel-3-a5185db1-79fc-4d1c-b584-d9161d0a0c66\" tabindex=\"0\">\n\t\t\t<p class=\"wp-block-ub-content-toggle-accordion-title ub-content-toggle-title-a5185db1-79fc-4d1c-b584-d9161d0a0c66\" style=\"color: #120B1E; \"><strong>Zijn mijn zonnepanelen veilig tijdens het reinigen?<\/strong><\/p>\n\t\t\t<div class=\"wp-block-ub-content-toggle-accordion-toggle-wrap right\" style=\"color: #000000;\"><span class=\"wp-block-ub-content-toggle-accordion-state-indicator wp-block-ub-math-plus\"><\/span><\/div>\n\t\t<\/div>\n\t\t\t<div role=\"region\" aria-expanded=\"false\" class=\"wp-block-ub-content-toggle-accordion-content-wrap ub-hide\" id=\"ub-content-toggle-panel-3-a5185db1-79fc-4d1c-b584-d9161d0a0c66\">\n\n<p>Absolument. Nous nettoyons les panneaux solaires avec de l&rsquo;eau osmosique et des mat&eacute;riaux adapt&eacute;s, sans recourir &agrave; des produits agressifs. Cela &eacute;limine la salet&eacute; et les d&eacute;p&ocirc;ts sans rayures ni dommages, et l&rsquo;efficacit&eacute; de vos panneaux solaires reste optimale.<\/p>\n\n<\/div>\n\t\t<\/div>\n\n<div class=\"wp-block-ub-content-toggle-accordion\" style=\"border-color: #E48225; \" id=\"ub-content-toggle-panel-block-\">\n\t\t\t<div class=\"wp-block-ub-content-toggle-accordion-title-wrap\" style=\"background-color: #E48225;\" aria-controls=\"ub-content-toggle-panel-4-a5185db1-79fc-4d1c-b584-d9161d0a0c66\" tabindex=\"0\">\n\t\t\t<p class=\"wp-block-ub-content-toggle-accordion-title ub-content-toggle-title-a5185db1-79fc-4d1c-b584-d9161d0a0c66\" style=\"color: #120B1E; \"><strong>Hoe vaak moet ik mijn ramen laten wassen?<\/strong><\/p>\n\t\t\t<div class=\"wp-block-ub-content-toggle-accordion-toggle-wrap right\" style=\"color: #000000;\"><span class=\"wp-block-ub-content-toggle-accordion-state-indicator wp-block-ub-math-plus\"><\/span><\/div>\n\t\t<\/div>\n\t\t\t<div role=\"region\" aria-expanded=\"false\" class=\"wp-block-ub-content-toggle-accordion-content-wrap ub-hide\" id=\"ub-content-toggle-panel-4-a5185db1-79fc-4d1c-b584-d9161d0a0c66\">\n\n<p>Cela d&eacute;pend de votre environnement et de vos pr&eacute;f&eacute;rences personnelles. Pour les maisons, nettoyer toutes les 4 &agrave; 8 semaines suffit g&eacute;n&eacute;ralement. Les entreprises optent souvent pour un entretien r&eacute;gulier et fixe afin de maintenir une apparence soign&eacute;e en permanence.<\/p>\n\n<\/div>\n\t\t<\/div>\n\n<div class=\"wp-block-ub-content-toggle-accordion\" style=\"border-color: #E48225; \" id=\"ub-content-toggle-panel-block-\">\n\t\t\t<div class=\"wp-block-ub-content-toggle-accordion-title-wrap\" style=\"background-color: #E48225;\" aria-controls=\"ub-content-toggle-panel-5-a5185db1-79fc-4d1c-b584-d9161d0a0c66\" tabindex=\"0\">\n\t\t\t<p class=\"wp-block-ub-content-toggle-accordion-title ub-content-toggle-title-a5185db1-79fc-4d1c-b584-d9161d0a0c66\" style=\"color: #120B1E; \"><strong>Werk je ook voor bedrijven?<\/strong><\/p>\n\t\t\t<div class=\"wp-block-ub-content-toggle-accordion-toggle-wrap right\" style=\"color: #000000;\"><span class=\"wp-block-ub-content-toggle-accordion-state-indicator wp-block-ub-math-plus\"><\/span><\/div>\n\t\t<\/div>\n\t\t\t<div role=\"region\" aria-expanded=\"false\" class=\"wp-block-ub-content-toggle-accordion-content-wrap ub-hide\" id=\"ub-content-toggle-panel-5-a5185db1-79fc-4d1c-b584-d9161d0a0c66\">\n\n<p>Oui, MServiceS fonctionne aussi bien pour les particuliers que pour les entreprises. Nous assurons le nettoyage de vitres, le nettoyage de fa&ccedil;ades et le nettoyage de panneaux solaires pour les bureaux, les commerces et autres b&acirc;timents commerciaux.<\/p>\n\n<\/div>\n\t\t<\/div>\n\n<div class=\"wp-block-ub-content-toggle-accordion\" style=\"border-color: #E48225; \" id=\"ub-content-toggle-panel-block-\">\n\t\t\t<div class=\"wp-block-ub-content-toggle-accordion-title-wrap\" style=\"background-color: #E48225;\" aria-controls=\"ub-content-toggle-panel-6-a5185db1-79fc-4d1c-b584-d9161d0a0c66\" tabindex=\"0\">\n\t\t\t<p class=\"wp-block-ub-content-toggle-accordion-title ub-content-toggle-title-a5185db1-79fc-4d1c-b584-d9161d0a0c66\" style=\"color: #120B1E; \"><strong>Wat kost een schoonmaakbeurt?<\/strong><\/p>\n\t\t\t<div class=\"wp-block-ub-content-toggle-accordion-toggle-wrap right\" style=\"color: #000000;\"><span class=\"wp-block-ub-content-toggle-accordion-state-indicator wp-block-ub-math-plus\"><\/span><\/div>\n\t\t<\/div>\n\t\t\t<div role=\"region\" aria-expanded=\"false\" class=\"wp-block-ub-content-toggle-accordion-content-wrap ub-hide\" id=\"ub-content-toggle-panel-6-a5185db1-79fc-4d1c-b584-d9161d0a0c66\">\n\n<p>Le prix d&eacute;pend du type de nettoyage, de la surface et de l&rsquo;&eacute;tat de la surface. Nous travaillons toujours avec un devis sur mesure sans obligation, afin que vous sachiez exactement o&ugrave; vous en &ecirc;tes.<\/p>\n\n<\/div>\n\t\t<\/div>\n\n<div class=\"wp-block-ub-content-toggle-accordion\" style=\"border-color: #E48225; \" id=\"ub-content-toggle-panel-block-\">\n\t\t\t<div class=\"wp-block-ub-content-toggle-accordion-title-wrap\" style=\"background-color: #E48225;\" aria-controls=\"ub-content-toggle-panel-7-a5185db1-79fc-4d1c-b584-d9161d0a0c66\" tabindex=\"0\">\n\t\t\t<p class=\"wp-block-ub-content-toggle-accordion-title ub-content-toggle-title-a5185db1-79fc-4d1c-b584-d9161d0a0c66\" style=\"color: #120B1E; \"><strong>Waarom zou ik voor MServiceS kiezen?<\/strong><\/p>\n\t\t\t<div class=\"wp-block-ub-content-toggle-accordion-toggle-wrap right\" style=\"color: #000000;\"><span class=\"wp-block-ub-content-toggle-accordion-state-indicator wp-block-ub-math-plus\"><\/span><\/div>\n\t\t<\/div>\n\t\t\t<div role=\"region\" aria-expanded=\"false\" class=\"wp-block-ub-content-toggle-accordion-content-wrap ub-hide\" id=\"ub-content-toggle-panel-7-a5185db1-79fc-4d1c-b584-d9161d0a0c66\">\n\n<p>Chez MServiceS, vous choisissez un service local fiable, soucieux de la qualit&eacute; et du d&eacute;tail. Nous travaillons avec des techniques professionnelles, un respect des mat&eacute;riaux et une communication claire, actifs &agrave; Vilvoorde et dans la r&eacute;gion &eacute;largie.<\/p>\n\n<\/div>\n\t\t<\/div>\n<\/div><\/div>\n<\/div><\/div>\n\n","protected":false},"excerpt":{"rendered":"","protected":false},"author":1,"featured_media":0,"parent":0,"menu_order":0,"comment_status":"closed","ping_status":"closed","template":"","meta":{"_acf_changed":false,"footnotes":""},"class_list":["post-530","page","type-page","status-publish","hentry"],"acf":[],"featured_image_src":null,"yoast_head":"<!-- This site is optimized with the Yoast SEO plugin v27.2 - https:\/\/yoast.com\/product\/yoast-seo-wordpress\/ -->\n<title>Foire aux questions sur le nettoyage ext\u00e9rieur<\/title>\n<meta name=\"description\" content=\"R\u00e9ponses aux questions fr\u00e9quemment pos\u00e9es sur le nettoyage haute pression, le lavage en douceur, les fen\u00eatres et les panneaux solaires. MServiceS aide les particuliers et les entreprises \u00e0 Vilvoorde.\" \/>\n<meta name=\"robots\" content=\"index, follow, max-snippet:-1, max-image-preview:large, max-video-preview:-1\" \/>\n<link rel=\"canonical\" href=\"https:\/\/www.mservices1800.be\/fr\/questions-frequemment-posees\/\" \/>\n<meta property=\"og:locale\" content=\"fr_FR\" \/>\n<meta property=\"og:type\" content=\"article\" \/>\n<meta property=\"og:title\" content=\"Foire aux questions sur le nettoyage ext\u00e9rieur\" \/>\n<meta property=\"og:description\" content=\"R\u00e9ponses aux questions fr\u00e9quemment pos\u00e9es sur le nettoyage haute pression, le lavage en douceur, les fen\u00eatres et les panneaux solaires. MServiceS aide les particuliers et les entreprises \u00e0 Vilvoorde.\" \/>\n<meta property=\"og:url\" content=\"https:\/\/www.mservices1800.be\/fr\/questions-frequemment-posees\/\" \/>\n<meta property=\"og:site_name\" content=\"MServiceS\" \/>\n<meta property=\"article:modified_time\" content=\"2026-02-10T11:05:14+00:00\" \/>\n<meta name=\"twitter:card\" content=\"summary_large_image\" \/>\n<meta name=\"twitter:label1\" content=\"Dur\u00e9e de lecture estim\u00e9e\" \/>\n\t<meta name=\"twitter:data1\" content=\"2 minutes\" \/>\n<script type=\"application\/ld+json\" class=\"yoast-schema-graph\">{\"@context\":\"https:\/\/schema.org\",\"@graph\":[{\"@type\":\"WebPage\",\"@id\":\"https:\/\/www.mservices1800.be\/fr\/questions-frequemment-posees\/\",\"url\":\"https:\/\/www.mservices1800.be\/fr\/questions-frequemment-posees\/\",\"name\":\"Foire aux questions sur le nettoyage ext\u00e9rieur\",\"isPartOf\":{\"@id\":\"https:\/\/mservices1800.be\/#website\"},\"datePublished\":\"2026-01-22T13:12:49+00:00\",\"dateModified\":\"2026-02-10T11:05:14+00:00\",\"description\":\"R\u00e9ponses aux questions fr\u00e9quemment pos\u00e9es sur le nettoyage haute pression, le lavage en douceur, les fen\u00eatres et les panneaux solaires. MServiceS aide les particuliers et les entreprises \u00e0 Vilvoorde.\",\"breadcrumb\":{\"@id\":\"https:\/\/www.mservices1800.be\/fr\/questions-frequemment-posees\/#breadcrumb\"},\"inLanguage\":\"fr-FR\",\"potentialAction\":[{\"@type\":\"ReadAction\",\"target\":[\"https:\/\/www.mservices1800.be\/fr\/questions-frequemment-posees\/\"]}]},{\"@type\":\"BreadcrumbList\",\"@id\":\"https:\/\/www.mservices1800.be\/fr\/questions-frequemment-posees\/#breadcrumb\",\"itemListElement\":[{\"@type\":\"ListItem\",\"position\":1,\"name\":\"Home\",\"item\":\"https:\/\/www.mservices1800.be\/fr\/accueil\/\"},{\"@type\":\"ListItem\",\"position\":2,\"name\":\"Questions fr\u00e9quemment pos\u00e9es\"}]},{\"@type\":\"WebSite\",\"@id\":\"https:\/\/mservices1800.be\/#website\",\"url\":\"https:\/\/mservices1800.be\/\",\"name\":\"MServiceS\",\"description\":\"At your service for your outdoor surface\",\"publisher\":{\"@id\":\"https:\/\/mservices1800.be\/#organization\"},\"potentialAction\":[{\"@type\":\"SearchAction\",\"target\":{\"@type\":\"EntryPoint\",\"urlTemplate\":\"https:\/\/mservices1800.be\/?s={search_term_string}\"},\"query-input\":{\"@type\":\"PropertyValueSpecification\",\"valueRequired\":true,\"valueName\":\"search_term_string\"}}],\"inLanguage\":\"fr-FR\"},{\"@type\":\"Organization\",\"@id\":\"https:\/\/mservices1800.be\/#organization\",\"name\":\"MServiceS\",\"url\":\"https:\/\/mservices1800.be\/\",\"logo\":{\"@type\":\"ImageObject\",\"inLanguage\":\"fr-FR\",\"@id\":\"https:\/\/mservices1800.be\/#\/schema\/logo\/image\/\",\"url\":\"https:\/\/www.mservices1800.be\/wp-content\/uploads\/2026\/01\/mservice-logo.png\",\"contentUrl\":\"https:\/\/www.mservices1800.be\/wp-content\/uploads\/2026\/01\/mservice-logo.png\",\"width\":2560,\"height\":926,\"caption\":\"MServiceS\"},\"image\":{\"@id\":\"https:\/\/mservices1800.be\/#\/schema\/logo\/image\/\"}}]}<\/script>\n<!-- \/ Yoast SEO plugin. -->","yoast_head_json":{"title":"Foire aux questions sur le nettoyage ext\u00e9rieur","description":"R\u00e9ponses aux questions fr\u00e9quemment pos\u00e9es sur le nettoyage haute pression, le lavage en douceur, les fen\u00eatres et les panneaux solaires. MServiceS aide les particuliers et les entreprises \u00e0 Vilvoorde.","robots":{"index":"index","follow":"follow","max-snippet":"max-snippet:-1","max-image-preview":"max-image-preview:large","max-video-preview":"max-video-preview:-1"},"canonical":"https:\/\/www.mservices1800.be\/fr\/questions-frequemment-posees\/","og_locale":"fr_FR","og_type":"article","og_title":"Foire aux questions sur le nettoyage ext\u00e9rieur","og_description":"R\u00e9ponses aux questions fr\u00e9quemment pos\u00e9es sur le nettoyage haute pression, le lavage en douceur, les fen\u00eatres et les panneaux solaires. MServiceS aide les particuliers et les entreprises \u00e0 Vilvoorde.","og_url":"https:\/\/www.mservices1800.be\/fr\/questions-frequemment-posees\/","og_site_name":"MServiceS","article_modified_time":"2026-02-10T11:05:14+00:00","twitter_card":"summary_large_image","twitter_misc":{"Dur\u00e9e de lecture estim\u00e9e":"2 minutes"},"schema":{"@context":"https:\/\/schema.org","@graph":[{"@type":"WebPage","@id":"https:\/\/www.mservices1800.be\/fr\/questions-frequemment-posees\/","url":"https:\/\/www.mservices1800.be\/fr\/questions-frequemment-posees\/","name":"Foire aux questions sur le nettoyage ext\u00e9rieur","isPartOf":{"@id":"https:\/\/mservices1800.be\/#website"},"datePublished":"2026-01-22T13:12:49+00:00","dateModified":"2026-02-10T11:05:14+00:00","description":"R\u00e9ponses aux questions fr\u00e9quemment pos\u00e9es sur le nettoyage haute pression, le lavage en douceur, les fen\u00eatres et les panneaux solaires. MServiceS aide les particuliers et les entreprises \u00e0 Vilvoorde.","breadcrumb":{"@id":"https:\/\/www.mservices1800.be\/fr\/questions-frequemment-posees\/#breadcrumb"},"inLanguage":"fr-FR","potentialAction":[{"@type":"ReadAction","target":["https:\/\/www.mservices1800.be\/fr\/questions-frequemment-posees\/"]}]},{"@type":"BreadcrumbList","@id":"https:\/\/www.mservices1800.be\/fr\/questions-frequemment-posees\/#breadcrumb","itemListElement":[{"@type":"ListItem","position":1,"name":"Home","item":"https:\/\/www.mservices1800.be\/fr\/accueil\/"},{"@type":"ListItem","position":2,"name":"Questions fr\u00e9quemment pos\u00e9es"}]},{"@type":"WebSite","@id":"https:\/\/mservices1800.be\/#website","url":"https:\/\/mservices1800.be\/","name":"MServiceS","description":"At your service for your outdoor surface","publisher":{"@id":"https:\/\/mservices1800.be\/#organization"},"potentialAction":[{"@type":"SearchAction","target":{"@type":"EntryPoint","urlTemplate":"https:\/\/mservices1800.be\/?s={search_term_string}"},"query-input":{"@type":"PropertyValueSpecification","valueRequired":true,"valueName":"search_term_string"}}],"inLanguage":"fr-FR"},{"@type":"Organization","@id":"https:\/\/mservices1800.be\/#organization","name":"MServiceS","url":"https:\/\/mservices1800.be\/","logo":{"@type":"ImageObject","inLanguage":"fr-FR","@id":"https:\/\/mservices1800.be\/#\/schema\/logo\/image\/","url":"https:\/\/www.mservices1800.be\/wp-content\/uploads\/2026\/01\/mservice-logo.png","contentUrl":"https:\/\/www.mservices1800.be\/wp-content\/uploads\/2026\/01\/mservice-logo.png","width":2560,"height":926,"caption":"MServiceS"},"image":{"@id":"https:\/\/mservices1800.be\/#\/schema\/logo\/image\/"}}]}},"_links":{"self":[{"href":"https:\/\/www.mservices1800.be\/fr\/wp-json\/wp\/v2\/pages\/530","targetHints":{"allow":["GET"]}}],"collection":[{"href":"https:\/\/www.mservices1800.be\/fr\/wp-json\/wp\/v2\/pages"}],"about":[{"href":"https:\/\/www.mservices1800.be\/fr\/wp-json\/wp\/v2\/types\/page"}],"author":[{"embeddable":true,"href":"https:\/\/www.mservices1800.be\/fr\/wp-json\/wp\/v2\/users\/1"}],"replies":[{"embeddable":true,"href":"https:\/\/www.mservices1800.be\/fr\/wp-json\/wp\/v2\/comments?post=530"}],"version-history":[{"count":2,"href":"https:\/\/www.mservices1800.be\/fr\/wp-json\/wp\/v2\/pages\/530\/revisions"}],"predecessor-version":[{"id":532,"href":"https:\/\/www.mservices1800.be\/fr\/wp-json\/wp\/v2\/pages\/530\/revisions\/532"}],"wp:attachment":[{"href":"https:\/\/www.mservices1800.be\/fr\/wp-json\/wp\/v2\/media?parent=530"}],"curies":[{"name":"wp","href":"https:\/\/api.w.org\/{rel}","templated":true}]}}